

{"id":18,"date":"2017-12-20T17:18:20","date_gmt":"2017-12-20T17:18:20","guid":{"rendered":"http:\/\/www.unsa.edu.pe\/eng\/?page_id=18"},"modified":"2017-12-20T17:18:20","modified_gmt":"2017-12-20T17:18:20","slug":"previous-rectors","status":"publish","type":"page","link":"https:\/\/www.unsa.edu.pe\/en\/previous-rectors\/","title":{"rendered":"Previous Rectors"},"content":{"rendered":"<table class=\"table table-striped\" cellspacing=\"0\" cellpadding=\"0\">\n<tbody>\n<tr>\n<td>Dr. Jos\u00e9 Fern\u00e1ndez D\u00e1vila<\/td>\n<td>1828<\/td>\n<\/tr>\n<tr>\n<td>Dr. Juan Gualberto Valdivia Cornejo<\/td>\n<td>1828<\/td>\n<\/tr>\n<tr>\n<td>Dr. Fernand Arce Fierro<\/td>\n<td>1833<\/td>\n<\/tr>\n<tr>\n<td>Dr. Rafael Barriga<\/td>\n<td>1843<\/td>\n<\/tr>\n<tr>\n<td>Dr. Pedro Jos\u00e9 Gamio y Mas\u00edas<\/td>\n<td>1844<\/td>\n<\/tr>\n<tr>\n<td>Dr. Manuel Vozeguiel Rey de Castro<\/td>\n<td>1848<\/td>\n<\/tr>\n<tr>\n<td>Dr. Manuel Toribio Ureta<\/td>\n<td>1852<\/td>\n<\/tr>\n<tr>\n<td>Dr. Mariano Manuel Arredondo<\/td>\n<td>1854<\/td>\n<\/tr>\n<tr>\n<td>Dr. Jos\u00e9 Herm\u00f3genes Cornejo<\/td>\n<td>1863<\/td>\n<\/tr>\n<tr>\n<td>Dr. Manuel Cornejo Valvidia<\/td>\n<td>1865<\/td>\n<\/tr>\n<tr>\n<td>Dr. Evaristo Vargas<\/td>\n<td>1868<\/td>\n<\/tr>\n<tr>\n<td>Dr. Manuel Mar\u00eda P\u00e9rez Aran\u00edbar<\/td>\n<td>1876<\/td>\n<\/tr>\n<tr>\n<td>Dr. Nicanor Parcel<\/td>\n<td>1878<\/td>\n<\/tr>\n<tr>\n<td>Dr. Carlos Rub\u00e9n Polar<\/td>\n<td>1883<\/td>\n<\/tr>\n<tr>\n<td>Dr. Mariano Ambrosio Cateriano<\/td>\n<td>1883<\/td>\n<\/tr>\n<tr>\n<td>Dr. Jorge Polar<\/td>\n<td>1895<\/td>\n<\/tr>\n<tr>\n<td>Dr. Antonio Belizario Calle<\/td>\n<td>1908<\/td>\n<\/tr>\n<tr>\n<td>Dr. V\u00edctor Morales<\/td>\n<td>1908<\/td>\n<\/tr>\n<tr>\n<td>Dr. Jes\u00fas Garc\u00eda Maldonado<\/td>\n<td>1921<\/td>\n<\/tr>\n<tr>\n<td>Dr. Jos\u00e9 Bustamante y Rada<\/td>\n<td>1924<\/td>\n<\/tr>\n<tr>\n<td>Dr. Edmundo Escomel<\/td>\n<td>1928<\/td>\n<\/tr>\n<tr>\n<td>Dr. Francisco G\u00f3mez de la Torre<\/td>\n<td>1930<\/td>\n<\/tr>\n<tr>\n<td>Dr. Manuel Gregorio de Rivero<\/td>\n<td>1936<\/td>\n<\/tr>\n<tr>\n<td>Dr. Santiago Opelan Recabarren<\/td>\n<td>1937<\/td>\n<\/tr>\n<tr>\n<td>Dr. Carlos Diego Gibson<\/td>\n<td>1939<\/td>\n<\/tr>\n<tr>\n<td>Dr. Manuel Su\u00e1rez Polar<\/td>\n<td>1946<\/td>\n<\/tr>\n<tr>\n<td>Dr. Isa\u00edas Mendoza del Solar<\/td>\n<td>1952<\/td>\n<\/tr>\n<tr>\n<td>Dr. Alfredo Corzo Mas\u00edas<\/td>\n<td>1959<\/td>\n<\/tr>\n<tr>\n<td>Dr. Carlos N\u00fa\u00f1ez Borja<\/td>\n<td>1968<\/td>\n<\/tr>\n<tr>\n<td>Dr. Alberto Fuentes Llaguno<\/td>\n<td>1972<\/td>\n<\/tr>\n<tr>\n<td>Dr. Eduardo G\u00f3mez Becerra<\/td>\n<td>1972<\/td>\n<\/tr>\n<tr>\n<td>Dr. Alberto Guti\u00e9rrez Barrios<\/td>\n<td>1976<\/td>\n<\/tr>\n<tr>\n<td>Dr. Javier Llosa Garc\u00eda<\/td>\n<td>1977<\/td>\n<\/tr>\n<tr>\n<td>Dr. Jos\u00e9 Guti\u00e9rrez Correa<\/td>\n<td>1978<\/td>\n<\/tr>\n<tr>\n<td>Dr. Manuel Zevallos Vera<\/td>\n<td>1984<\/td>\n<\/tr>\n<tr>\n<td>Dr. Juan Manuel Guill\u00e9n Benavides<\/td>\n<td>1990<\/td>\n<\/tr>\n<tr>\n<td>Dr. Rolando Cornejo Cuervo<\/td>\n<td>1999<\/td>\n<\/tr>\n<tr>\n<td>Dr. Valdemar Medina Hoyos<\/td>\n<td>2009<\/td>\n<\/tr>\n<tr>\n<td>Dr. Victor Hugo Linares Huaco<\/td>\n<td>2013<\/td>\n<\/tr>\n<tr>\n<td>Dr. Rohel S\u00e1nchez S\u00e1nchez<\/td>\n<td>2016<\/td>\n<\/tr>\n<\/tbody>\n<\/table>\n","protected":false},"excerpt":{"rendered":"<p>Dr. Jos\u00e9 Fern\u00e1ndez D\u00e1vila 1828 Dr. Juan Gualberto Valdivia Cornejo 1828 Dr. Fernand Arce Fierro 1833 Dr. Rafael Barriga 1843 Dr. Pedro Jos\u00e9 Gamio y Mas\u00edas 1844 Dr. Manuel Vozeguiel Rey de Castro 1848 Dr. Manuel Toribio Ureta 1852 Dr. Mariano Manuel Arredondo 1854 Dr. Jos\u00e9 Herm\u00f3genes Cornejo 1863 Dr. Manuel Cornejo Valvidia 1865 Dr. [&hellip;]<\/p>\n","protected":false},"author":1,"featured_media":19,"parent":0,"menu_order":0,"comment_status":"closed","ping_status":"closed","template":"page-presentacion.php","meta":{"_acf_changed":false,"footnotes":""},"class_list":["post-18","page","type-page","status-publish","has-post-thumbnail","hentry"],"acf":[],"_links":{"self":[{"href":"https:\/\/www.unsa.edu.pe\/en\/wp-json\/wp\/v2\/pages\/18","targetHints":{"allow":["GET"]}}],"collection":[{"href":"https:\/\/www.unsa.edu.pe\/en\/wp-json\/wp\/v2\/pages"}],"about":[{"href":"https:\/\/www.unsa.edu.pe\/en\/wp-json\/wp\/v2\/types\/page"}],"author":[{"embeddable":true,"href":"https:\/\/www.unsa.edu.pe\/en\/wp-json\/wp\/v2\/users\/1"}],"replies":[{"embeddable":true,"href":"https:\/\/www.unsa.edu.pe\/en\/wp-json\/wp\/v2\/comments?post=18"}],"version-history":[{"count":1,"href":"https:\/\/www.unsa.edu.pe\/en\/wp-json\/wp\/v2\/pages\/18\/revisions"}],"predecessor-version":[{"id":20,"href":"https:\/\/www.unsa.edu.pe\/en\/wp-json\/wp\/v2\/pages\/18\/revisions\/20"}],"wp:featuredmedia":[{"embeddable":true,"href":"https:\/\/www.unsa.edu.pe\/en\/wp-json\/wp\/v2\/media\/19"}],"wp:attachment":[{"href":"https:\/\/www.unsa.edu.pe\/en\/wp-json\/wp\/v2\/media?parent=18"}],"curies":[{"name":"wp","href":"https:\/\/api.w.org\/{rel}","templated":true}]}}