{"id":1151,"date":"2025-05-28T01:00:31","date_gmt":"2025-05-27T23:00:31","guid":{"rendered":"https:\/\/www.unsa.edu.pe\/ucps\/?page_id=1151"},"modified":"2026-03-26T16:05:51","modified_gmt":"2026-03-26T15:05:51","slug":"programa-deseguridad-industrialy-minera","status":"publish","type":"page","link":"https:\/\/www.unsa.edu.pe\/ucps\/programa-deseguridad-industrialy-minera\/","title":{"rendered":"PROGRAMA DESEGURIDAD INDUSTRIALY MINERA"},"content":{"rendered":"\t\t<div data-elementor-type=\"wp-page\" data-elementor-id=\"1151\" class=\"elementor elementor-1151\" data-elementor-post-type=\"page\">\n\t\t\t\t<div class=\"elementor-element elementor-element-17915eec e-flex e-con-boxed e-con e-parent\" data-id=\"17915eec\" data-element_type=\"container\">\n\t\t\t\t\t<div class=\"e-con-inner\">\n\t\t<div class=\"elementor-element elementor-element-75ead252 e-con-full e-flex e-con e-child\" data-id=\"75ead252\" data-element_type=\"container\">\n\t\t\t\t<div class=\"elementor-element elementor-element-17b7e710 elementor-view-default elementor-widget elementor-widget-icon\" data-id=\"17b7e710\" data-element_type=\"widget\" data-widget_type=\"icon.default\">\n\t\t\t\t<div class=\"elementor-widget-container\">\n\t\t\t\t\t\t\t<div class=\"elementor-icon-wrapper\">\n\t\t\t<a class=\"elementor-icon\" href=\"https:\/\/www.unsa.edu.pe\/ucps\/\" target=\"_blank\">\n\t\t\t<svg aria-hidden=\"true\" class=\"e-font-icon-svg e-fas-arrow-left\" viewBox=\"0 0 448 512\" xmlns=\"http:\/\/www.w3.org\/2000\/svg\"><path d=\"M257.5 445.1l-22.2 22.2c-9.4 9.4-24.6 9.4-33.9 0L7 273c-9.4-9.4-9.4-24.6 0-33.9L201.4 44.7c9.4-9.4 24.6-9.4 33.9 0l22.2 22.2c9.5 9.5 9.3 25-.4 34.3L136.6 216H424c13.3 0 24 10.7 24 24v32c0 13.3-10.7 24-24 24H136.6l120.5 114.8c9.8 9.3 10 24.8.4 34.3z\"><\/path><\/svg>\t\t\t<\/a>\n\t\t<\/div>\n\t\t\t\t\t\t<\/div>\n\t\t\t\t<\/div>\n\t\t\t\t<\/div>\n\t\t<div class=\"elementor-element elementor-element-709d94ed e-con-full e-flex e-con e-child\" data-id=\"709d94ed\" data-element_type=\"container\">\n\t\t\t\t<div class=\"elementor-element elementor-element-4bf1fc32 elementor-cta--layout-image-above elementor-cta--skin-classic elementor-animated-content elementor-bg-transform elementor-bg-transform-zoom-in elementor-widget elementor-widget-call-to-action\" data-id=\"4bf1fc32\" data-element_type=\"widget\" data-widget_type=\"call-to-action.default\">\n\t\t\t\t<div class=\"elementor-widget-container\">\n\t\t\t\t\t\t\t<div class=\"elementor-cta\">\n\t\t\t\t\t\t\t<div class=\"elementor-cta__content\">\n\t\t\t\t\n\t\t\t\t\t\t\t\t\t<h1 class=\"elementor-cta__title elementor-cta__content-item elementor-content-item\">\n\t\t\t\t\t\tUNIDAD DE CAPACITACI\u00d3N PRODUCCI\u00d3N Y SERVICIOS\t\t\t\t\t<\/h1>\n\t\t\t\t\n\t\t\t\t\n\t\t\t\t\t\t\t<\/div>\n\t\t\t\t\t\t<\/div>\n\t\t\t\t\t\t<\/div>\n\t\t\t\t<\/div>\n\t\t\t\t<\/div>\n\t\t\t\t\t<\/div>\n\t\t\t\t<\/div>\n\t\t<div class=\"elementor-element elementor-element-a4dbe77 e-flex e-con-boxed e-con e-parent\" data-id=\"a4dbe77\" data-element_type=\"container\">\n\t\t\t\t\t<div class=\"e-con-inner\">\n\t\t\t\t<div class=\"elementor-element elementor-element-35ff76cb elementor-cta--layout-image-above elementor-cta--skin-classic elementor-animated-content elementor-bg-transform elementor-bg-transform-zoom-in elementor-widget elementor-widget-call-to-action\" data-id=\"35ff76cb\" data-element_type=\"widget\" data-widget_type=\"call-to-action.default\">\n\t\t\t\t<div class=\"elementor-widget-container\">\n\t\t\t\t\t\t\t<div class=\"elementor-cta\">\n\t\t\t\t\t\t\t<div class=\"elementor-cta__content\">\n\t\t\t\t\n\t\t\t\t\t\t\t\t\t<h1 class=\"elementor-cta__title elementor-cta__content-item elementor-content-item\">\n\t\t\t\t\t\tPROGRAMA DE \t\t\t\t\t<\/h1>\n\t\t\t\t\n\t\t\t\t\n\t\t\t\t\t\t\t<\/div>\n\t\t\t\t\t\t<\/div>\n\t\t\t\t\t\t<\/div>\n\t\t\t\t<\/div>\n\t\t\t\t<div class=\"elementor-element elementor-element-524bb49 elementor-cta--layout-image-above elementor-cta--skin-classic elementor-animated-content elementor-bg-transform elementor-bg-transform-zoom-in elementor-widget elementor-widget-call-to-action\" data-id=\"524bb49\" data-element_type=\"widget\" data-widget_type=\"call-to-action.default\">\n\t\t\t\t<div class=\"elementor-widget-container\">\n\t\t\t\t\t\t\t<div class=\"elementor-cta\">\n\t\t\t\t\t\t\t<div class=\"elementor-cta__content\">\n\t\t\t\t\n\t\t\t\t\t\t\t\t\t<h1 class=\"elementor-cta__title elementor-cta__content-item elementor-content-item\">\n\t\t\t\t\t\tINGENIER\u00cdA DE SEGURIDAD SEGURIDAD INDUSTRIAL E HIGIENE OCUPACIONAL\t\t\t\t\t<\/h1>\n\t\t\t\t\n\t\t\t\t\n\t\t\t\t\t\t\t<\/div>\n\t\t\t\t\t\t<\/div>\n\t\t\t\t\t\t<\/div>\n\t\t\t\t<\/div>\n\t\t\t\t<div class=\"elementor-element elementor-element-58d19e8 elementor-widget elementor-widget-heading\" data-id=\"58d19e8\" data-element_type=\"widget\" data-widget_type=\"heading.default\">\n\t\t\t\t<div class=\"elementor-widget-container\">\n\t\t\t\t\t<h2 class=\"elementor-heading-title elementor-size-default\">09 Meses \/ 720 horas acad\u00e9micas<\/h2>\t\t\t\t<\/div>\n\t\t\t\t<\/div>\n\t\t\t\t<div class=\"elementor-element elementor-element-65653fc elementor-widget-divider--view-line elementor-widget elementor-widget-divider\" data-id=\"65653fc\" data-element_type=\"widget\" data-widget_type=\"divider.default\">\n\t\t\t\t<div class=\"elementor-widget-container\">\n\t\t\t\t\t\t\t<div class=\"elementor-divider\">\n\t\t\t<span class=\"elementor-divider-separator\">\n\t\t\t\t\t\t<\/span>\n\t\t<\/div>\n\t\t\t\t\t\t<\/div>\n\t\t\t\t<\/div>\n\t\t\t\t<div class=\"elementor-element elementor-element-5d3c38a elementor-align-center elementor-mobile-align-left animated-slow elementor-invisible elementor-widget elementor-widget-button\" data-id=\"5d3c38a\" data-element_type=\"widget\" data-settings=\"{&quot;_animation&quot;:&quot;fadeInLeft&quot;}\" data-widget_type=\"button.default\">\n\t\t\t\t<div class=\"elementor-widget-container\">\n\t\t\t\t\t\t\t\t\t<div class=\"elementor-button-wrapper\">\n\t\t\t\t\t<a class=\"elementor-button elementor-button-link elementor-size-sm elementor-animation-grow\" href=\"https:\/\/erp.fips-ucps.unsa.edu.pe\" target=\"_blank\">\n\t\t\t\t\t\t<span class=\"elementor-button-content-wrapper\">\n\t\t\t\t\t\t\t\t\t<span class=\"elementor-button-text\">ADMISI\u00d3N 2026<\/span>\n\t\t\t\t\t<\/span>\n\t\t\t\t\t<\/a>\n\t\t\t\t<\/div>\n\t\t\t\t\t\t\t\t<\/div>\n\t\t\t\t<\/div>\n\t\t\t\t<div class=\"elementor-element elementor-element-8a583e9 elementor-align-center elementor-mobile-align-left animated-slow elementor-invisible elementor-widget elementor-widget-button\" data-id=\"8a583e9\" data-element_type=\"widget\" data-settings=\"{&quot;_animation&quot;:&quot;fadeInLeft&quot;}\" data-widget_type=\"button.default\">\n\t\t\t\t<div class=\"elementor-widget-container\">\n\t\t\t\t\t\t\t\t\t<div class=\"elementor-button-wrapper\">\n\t\t\t\t\t<a class=\"elementor-button elementor-button-link elementor-size-sm elementor-animation-grow\" href=\"https:\/\/www.youtube.com\/watch?v=grTPS-VXAhw\" target=\"_blank\">\n\t\t\t\t\t\t<span class=\"elementor-button-content-wrapper\">\n\t\t\t\t\t\t\t\t\t<span class=\"elementor-button-text\">TUTORIAL DE MATR\u00cdCULA<\/span>\n\t\t\t\t\t<\/span>\n\t\t\t\t\t<\/a>\n\t\t\t\t<\/div>\n\t\t\t\t\t\t\t\t<\/div>\n\t\t\t\t<\/div>\n\t\t\t\t\t<\/div>\n\t\t\t\t<\/div>\n\t\t<div class=\"elementor-element elementor-element-6529d6a2 e-con-full e-flex e-con e-parent\" data-id=\"6529d6a2\" data-element_type=\"container\" data-settings=\"{&quot;background_background&quot;:&quot;classic&quot;}\">\n\t\t<div class=\"elementor-element elementor-element-35576ff6 e-con-full e-flex e-con e-child\" data-id=\"35576ff6\" data-element_type=\"container\" data-settings=\"{&quot;background_background&quot;:&quot;classic&quot;}\">\n\t\t\t\t<div class=\"elementor-element elementor-element-173045fc elementor-widget elementor-widget-heading\" data-id=\"173045fc\" data-element_type=\"widget\" data-widget_type=\"heading.default\">\n\t\t\t\t<div class=\"elementor-widget-container\">\n\t\t\t\t\t<h2 class=\"elementor-heading-title elementor-size-default\">Descripci\u00f3n<\/h2>\t\t\t\t<\/div>\n\t\t\t\t<\/div>\n\t\t\t\t<div class=\"elementor-element elementor-element-7c69aa47 elementor-cta--skin-classic elementor-animated-content elementor-bg-transform elementor-bg-transform-zoom-in elementor-widget elementor-widget-call-to-action\" data-id=\"7c69aa47\" data-element_type=\"widget\" data-widget_type=\"call-to-action.default\">\n\t\t\t\t<div class=\"elementor-widget-container\">\n\t\t\t\t\t\t\t<div class=\"elementor-cta\">\n\t\t\t\t\t\t\t<div class=\"elementor-cta__content\">\n\t\t\t\t\n\t\t\t\t\n\t\t\t\t\t\t\t\t\t<div class=\"elementor-cta__description elementor-cta__content-item elementor-content-item\">\n\t\t\t\t\t\tEl programa anual de seguridad industrial y minera se adapta al cambio\nconstante del conocimiento en el campo, ofreciendo una formaci\u00f3n pr\u00e1ctica\ny actualizada para profesionales graduados, t\u00e9cnicos y otros interesados en el\n\u00e1rea. El contenido del programa refleja los conocimientos esenciales y se vincula\ndirectamente con los desaf\u00edos espec\u00edficos de seguridad y salud ocupacional en\nel entorno laboral. Cumpliendo con las exigencias actuales del sector industrial y\nla administraci\u00f3n p\u00fablica, este programa garantiza una formaci\u00f3n competitiva\ny completa.\t\t\t\t\t<\/div>\n\t\t\t\t\n\t\t\t\t\t\t\t<\/div>\n\t\t\t\t\t\t<\/div>\n\t\t\t\t\t\t<\/div>\n\t\t\t\t<\/div>\n\t\t\t\t<div class=\"elementor-element elementor-element-1b0f2b6d elementor-widget elementor-widget-heading\" data-id=\"1b0f2b6d\" data-element_type=\"widget\" data-widget_type=\"heading.default\">\n\t\t\t\t<div class=\"elementor-widget-container\">\n\t\t\t\t\t<h2 class=\"elementor-heading-title elementor-size-default\">Requisitos<\/h2>\t\t\t\t<\/div>\n\t\t\t\t<\/div>\n\t\t\t\t<div class=\"elementor-element elementor-element-75ba42d7 elementor-widget__width-initial elementor-widget elementor-widget-text-editor\" data-id=\"75ba42d7\" data-element_type=\"widget\" data-widget_type=\"text-editor.default\">\n\t\t\t\t<div class=\"elementor-widget-container\">\n\t\t\t\t\t\t\t\t\t<p><strong>LUN A VIE:<\/strong> 07:00 a 10:00 hrs<br \/>______________<\/p><p><strong>LUN A VIE<\/strong>: 19:00 a 22:00 hrs<br \/>Fines de Semana: S\u00e1bados<br \/>(08:00 &#8211; 13:30, retorno 15:00 &#8211;<br \/>18:00) \/ Domingos (08:00 &#8211; 13:30)<\/p>\t\t\t\t\t\t\t\t<\/div>\n\t\t\t\t<\/div>\n\t\t\t\t<div class=\"elementor-element elementor-element-64c7e910 elementor-widget elementor-widget-heading\" data-id=\"64c7e910\" data-element_type=\"widget\" data-widget_type=\"heading.default\">\n\t\t\t\t<div class=\"elementor-widget-container\">\n\t\t\t\t\t<h2 class=\"elementor-heading-title elementor-size-default\">Inversi\u00f3n<\/h2>\t\t\t\t<\/div>\n\t\t\t\t<\/div>\n\t\t\t\t<div class=\"elementor-element elementor-element-7313831a elementor-widget elementor-widget-text-editor\" data-id=\"7313831a\" data-element_type=\"widget\" data-widget_type=\"text-editor.default\">\n\t\t\t\t<div class=\"elementor-widget-container\">\n\t\t\t\t\t\t\t\t\t<p><strong><span style=\"vertical-align: inherit;\"><span style=\"vertical-align: inherit;\"><span style=\"vertical-align: inherit;\"><span style=\"vertical-align: inherit;\">Matr\u00edcula<\/span><\/span><\/span><\/span><\/strong><span style=\"vertical-align: inherit;\"><span style=\"vertical-align: inherit;\"><span style=\"vertical-align: inherit;\"><span style=\"vertical-align: inherit;\">:\u00a0 S\/. 120<\/span><\/span><\/span><\/span><br \/><strong><span style=\"vertical-align: inherit;\"><span style=\"vertical-align: inherit;\"><span style=\"vertical-align: inherit;\"><span style=\"vertical-align: inherit;\">Pensi\u00f3n<\/span><\/span><\/span><\/span><\/strong><span style=\"vertical-align: inherit;\"><span style=\"vertical-align: inherit;\"><span style=\"vertical-align: inherit;\"><span style=\"vertical-align: inherit;\">:\u00a0 \u00a0 \u00a0S\/. 200<\/span><\/span><\/span><\/span><\/p>\t\t\t\t\t\t\t\t<\/div>\n\t\t\t\t<\/div>\n\t\t\t\t<\/div>\n\t\t<div class=\"elementor-element elementor-element-3616d011 e-con-full e-flex e-con e-child\" data-id=\"3616d011\" data-element_type=\"container\">\n\t\t<div class=\"elementor-element elementor-element-35a142ea e-con-full animated-slow e-flex elementor-invisible e-con e-child\" data-id=\"35a142ea\" data-element_type=\"container\" data-settings=\"{&quot;background_background&quot;:&quot;classic&quot;,&quot;animation&quot;:&quot;swing&quot;}\">\n\t\t\t\t<div class=\"elementor-element elementor-element-6fd13dff elementor-widget elementor-widget-heading\" data-id=\"6fd13dff\" data-element_type=\"widget\" data-widget_type=\"heading.default\">\n\t\t\t\t<div class=\"elementor-widget-container\">\n\t\t\t\t\t<h2 class=\"elementor-heading-title elementor-size-default\">Malla Curricular<\/h2>\t\t\t\t<\/div>\n\t\t\t\t<\/div>\n\t\t\t\t<div class=\"elementor-element elementor-element-43ebc59 elementor-widget elementor-widget-html\" data-id=\"43ebc59\" data-element_type=\"widget\" data-widget_type=\"html.default\">\n\t\t\t\t<div class=\"elementor-widget-container\">\n\t\t\t\t\t<!DOCTYPE html>\r\n<html lang=\"es\">\r\n<head>\r\n  <meta charset=\"UTF-8\" \/>\r\n  <meta name=\"viewport\" content=\"width=device-width, initial-scale=1.0\"\/>\r\n  <title>M\u00f3dulos SSOMA<\/title>\r\n  <link href=\"https:\/\/unpkg.com\/phosphor-icons@1.4.2\/src\/css\/phosphor.css\" rel=\"stylesheet\">\r\n  <style>\r\n    * {\r\n      box-sizing: border-box;\r\n      margin: 0;\r\n      padding: 0;\r\n      font-family: 'Arial', sans-serif;\r\n    }\r\n\r\n    body {\r\n      background: #f2f4f8;\r\n      padding: 1rem;\r\n    }\r\n\r\n    .module {\r\n      background: white;\r\n      border-radius: 12px;\r\n      box-shadow: 0 2px 6px rgba(0,0,0,0.1);\r\n      padding: 1.5rem;\r\n      margin-bottom: 1.5rem;\r\n    }\r\n\r\n    .module h2 {\r\n      display: flex;\r\n      align-items: center;\r\n      font-size: 1.2rem;\r\n      color: #1e293b;\r\n      margin-bottom: 1rem;\r\n    }\r\n\r\n    .module h2 i {\r\n      margin-right: 0.5rem;\r\n      color: #0f172a;\r\n    }\r\n\r\n    ul {\r\n      list-style: none;\r\n      margin-bottom: 1rem;\r\n    }\r\n\r\n    ul li {\r\n      margin-bottom: 0.5rem;\r\n      padding-left: 1.2rem;\r\n      position: relative;\r\n      color: #334155;\r\n    }\r\n\r\n    ul li::before {\r\n      content: \"\u2022\";\r\n      position: absolute;\r\n      left: 0;\r\n      color: #2563eb;\r\n      font-weight: bold;\r\n    }\r\n\r\n    .hours {\r\n      font-weight: bold;\r\n      font-size: 0.9rem;\r\n      color: #0f172a;\r\n      display: flex;\r\n      gap: 1rem;\r\n      flex-wrap: wrap;\r\n      margin-bottom: 0.5rem;\r\n    }\r\n\r\n    .total {\r\n      font-size: 0.9rem;\r\n      font-weight: bold;\r\n      color: #16a34a;\r\n    }\r\n\r\n    @media (min-width: 600px) {\r\n      .module {\r\n        max-width: 500px;\r\n        margin: 1rem auto;\r\n      }\r\n    }\r\n  <\/style>\r\n<\/head>\r\n<body>\r\n\r\n  <div class=\"module\">\r\n    <h2><i class=\"ph ph-gear\"><\/i> M\u00d3DULO I - GESTI\u00d3N SSOMA<\/h2>\r\n    <ul>\r\n      <li>An\u00e1lisis e Interpretaci\u00f3n de las Normas de Seguridad y Medio Ambiente en Industrial y Minera<\/li>\r\n      <li>Introducci\u00f3n a la seguridad y salud en el trabajo<\/li>\r\n      <li>Gesti\u00f3n de salud Ocupacional e Higiene Industrial<\/li>\r\n    <\/ul>\r\n    <div class=\"hours\">\r\n      <span>08 hrs\/sem<\/span>\r\n      <span>04 hrs\/sem<\/span>\r\n      <span>08 hrs\/sem<\/span>\r\n    <\/div>\r\n    <div class=\"total\">TOTAL DE HORAS ACAD\u00c9MICAS: 160<\/div>\r\n  <\/div>\r\n\r\n  <div class=\"module\">\r\n    <h2><i class=\"ph ph-warning\"><\/i> M\u00d3DULO II - GESTI\u00d3N DE CAMBIO - SEGURIDAD<\/h2>\r\n    <ul>\r\n      <li>Identificaci\u00f3n de Peligros y Evaluaci\u00f3n de Riesgos (IPERC)<\/li>\r\n      <li>Bioseguridad en biominer\u00eda<\/li>\r\n      <li>Seguridad Basada en el Comportamiento (SBC)<\/li>\r\n    <\/ul>\r\n    <div class=\"hours\">\r\n      <span>08 hrs\/sem<\/span>\r\n      <span>04 hrs\/sem<\/span>\r\n      <span>08 hrs\/sem<\/span>\r\n    <\/div>\r\n    <div class=\"total\">TOTAL DE HORAS ACAD\u00c9MICAS: 160<\/div>\r\n  <\/div>\r\n\r\n  <div class=\"module\">\r\n    <h2><i class=\"ph ph-shield-check\"><\/i> M\u00d3DULO III - EVALUACI\u00d3N INTEGRAL DE RIESGOS<\/h2>\r\n    <ul>\r\n      <li>Investigaci\u00f3n de Incidentes y Accidentes Industriales<\/li>\r\n      <li>Gesti\u00f3n de la Prevenci\u00f3n (MATPEL)<\/li>\r\n      <li>Trabajos de Alto Riesgo en Operaciones<\/li>\r\n    <\/ul>\r\n    <div class=\"hours\">\r\n      <span>08 hrs\/sem<\/span>\r\n      <span>04 hrs\/sem<\/span>\r\n      <span>08 hrs\/sem<\/span>\r\n    <\/div>\r\n    <div class=\"total\">TOTAL DE HORAS ACAD\u00c9MICAS: 200<\/div>\r\n  <\/div>\r\n\r\n  <div class=\"module\">\r\n    <h2><i class=\"ph ph-first-aid-kit\"><\/i> M\u00d3DULO IV - GESTI\u00d3N Y CONTROL DE SISTEMAS SSOMA<\/h2>\r\n    <ul>\r\n      <li>Programa Anual de SST<\/li>\r\n      <li>Gesti\u00f3n de Emergencia (PRIMEROS AUXILIOS)<\/li>\r\n      <li>Gesti\u00f3n de Riesgos Laborales (ISO 45001)<\/li>\r\n    <\/ul>\r\n    <div class=\"hours\">\r\n      <span>08 hrs\/sem<\/span>\r\n      <span>04 hrs\/sem<\/span>\r\n      <span>08 hrs\/sem<\/span>\r\n    <\/div>\r\n    <div class=\"total\">TOTAL DE HORAS ACAD\u00c9MICAS: 200<\/div>\r\n  <\/div>\r\n\r\n<\/body>\r\n<\/html>\r\n\t\t\t\t<\/div>\n\t\t\t\t<\/div>\n\t\t\t\t<\/div>\n\t\t\t\t<\/div>\n\t\t\t\t<\/div>\n\t\t<div class=\"elementor-element elementor-element-283241c e-con-full e-flex e-con e-parent\" data-id=\"283241c\" data-element_type=\"container\">\n\t\t<div class=\"elementor-element elementor-element-ee7fe76 e-con-full e-flex e-con e-child\" data-id=\"ee7fe76\" data-element_type=\"container\" data-settings=\"{&quot;background_background&quot;:&quot;classic&quot;}\">\n\t\t\t\t<\/div>\n\t\t<div class=\"elementor-element elementor-element-40e5f50 e-con-full e-flex e-con e-child\" data-id=\"40e5f50\" data-element_type=\"container\" data-settings=\"{&quot;background_background&quot;:&quot;classic&quot;}\">\n\t\t\t\t<div class=\"elementor-element elementor-element-736d4bb elementor-cta--layout-image-above elementor-cta--skin-classic elementor-animated-content elementor-bg-transform elementor-bg-transform-zoom-in elementor-widget elementor-widget-call-to-action\" data-id=\"736d4bb\" data-element_type=\"widget\" data-widget_type=\"call-to-action.default\">\n\t\t\t\t<div class=\"elementor-widget-container\">\n\t\t\t\t\t\t\t<div class=\"elementor-cta\">\n\t\t\t\t\t\t\t<div class=\"elementor-cta__content\">\n\t\t\t\t\n\t\t\t\t\t\t\t\t\t<h1 class=\"elementor-cta__title elementor-cta__content-item elementor-content-item\">\n\t\t\t\t\t\tFACULTAD DE INGENIER\u00cdA DE PRODUCCI\u00d3N Y SERVICIOS - UCPS FIPS\t\t\t\t\t<\/h1>\n\t\t\t\t\n\t\t\t\t\n\t\t\t\t\t\t\t<\/div>\n\t\t\t\t\t\t<\/div>\n\t\t\t\t\t\t<\/div>\n\t\t\t\t<\/div>\n\t\t\t\t<div class=\"elementor-element elementor-element-e00daba elementor-widget elementor-widget-text-editor\" data-id=\"e00daba\" data-element_type=\"widget\" data-widget_type=\"text-editor.default\">\n\t\t\t\t<div class=\"elementor-widget-container\">\n\t\t\t\t\t\t\t\t\t<p>Cont\u00e1ctanos<br \/>fips_ucps@unsa.edu.pe<\/p><p>+51 967746981<br \/>S\u00edguenos en:<\/p>\t\t\t\t\t\t\t\t<\/div>\n\t\t\t\t<\/div>\n\t\t\t\t<\/div>\n\t\t\t\t<\/div>\n\t\t<footer class=\"elementor-element elementor-element-29bbf32b e-con-full e-flex e-con e-parent\" data-id=\"29bbf32b\" data-element_type=\"container\">\n\t\t<div class=\"elementor-element elementor-element-136c8a1b e-con-full e-flex e-con e-child\" data-id=\"136c8a1b\" data-element_type=\"container\" data-settings=\"{&quot;background_background&quot;:&quot;classic&quot;}\">\n\t\t\t\t<\/div>\n\t\t<div class=\"elementor-element elementor-element-283df563 e-con-full e-flex e-con e-child\" data-id=\"283df563\" data-element_type=\"container\" data-settings=\"{&quot;background_background&quot;:&quot;classic&quot;}\">\n\t\t\t\t<div class=\"elementor-element elementor-element-1bbcc5f9 elementor-widget elementor-widget-text-editor\" data-id=\"1bbcc5f9\" data-element_type=\"widget\" data-widget_type=\"text-editor.default\">\n\t\t\t\t<div class=\"elementor-widget-container\">\n\t\t\t\t\t\t\t\t\t<p>Aviso de Privacidad<br \/>\u00a9 Copyright 2025 Universidad Nacional de San Agust\u00edn<br \/>Todos los derechos reservados Universidad Nacional de San Agust\u00edn | <em>Avenida Venezuela 427 A Arequipa, Departamento de Arequipa<\/em>\u00a0Tel\u00e9fono: (054) 286913\u00a0<\/p>\t\t\t\t\t\t\t\t<\/div>\n\t\t\t\t<\/div>\n\t\t\t\t<div class=\"elementor-element elementor-element-d92a797 elementor-widget-divider--view-line elementor-widget elementor-widget-divider\" data-id=\"d92a797\" data-element_type=\"widget\" data-widget_type=\"divider.default\">\n\t\t\t\t<div class=\"elementor-widget-container\">\n\t\t\t\t\t\t\t<div class=\"elementor-divider\">\n\t\t\t<span class=\"elementor-divider-separator\">\n\t\t\t\t\t\t<\/span>\n\t\t<\/div>\n\t\t\t\t\t\t<\/div>\n\t\t\t\t<\/div>\n\t\t\t\t<div class=\"elementor-element elementor-element-7e28f61b elementor-widget elementor-widget-text-editor\" data-id=\"7e28f61b\" data-element_type=\"widget\" data-widget_type=\"text-editor.default\">\n\t\t\t\t<div class=\"elementor-widget-container\">\n\t\t\t\t\t\t\t\t\t2026  \u00a9 All Rights Reserved\t\t\t\t\t\t\t\t<\/div>\n\t\t\t\t<\/div>\n\t\t\t\t<\/div>\n\t\t\t\t<\/footer>\n\t\t\t\t<\/div>\n\t\t","protected":false},"excerpt":{"rendered":"<p>UNIDAD DE CAPACITACI\u00d3N PRODUCCI\u00d3N Y SERVICIOS PROGRAMA DE INGENIER\u00cdA DE SEGURIDAD SEGURIDAD INDUSTRIAL E HIGIENE OCUPACIONAL 09 Meses \/ 720 horas acad\u00e9micas ADMISI\u00d3N 2026 TUTORIAL DE MATR\u00cdCULA Descripci\u00f3n El programa anual de seguridad industrial y minera se adapta al cambio constante del conocimiento en el campo, ofreciendo una formaci\u00f3n pr\u00e1ctica y actualizada para profesionales graduados, &hellip; <\/p>\n<p class=\"link-more\"><a href=\"https:\/\/www.unsa.edu.pe\/ucps\/programa-deseguridad-industrialy-minera\/\" class=\"more-link\">Continuar leyendo<span class=\"screen-reader-text\"> \u00abPROGRAMA DESEGURIDAD INDUSTRIALY MINERA\u00bb<\/span><\/a><\/p>\n","protected":false},"author":1,"featured_media":0,"parent":0,"menu_order":0,"comment_status":"closed","ping_status":"closed","template":"elementor_canvas","meta":{"footnotes":""},"class_list":["post-1151","page","type-page","status-publish","hentry"],"_links":{"self":[{"href":"https:\/\/www.unsa.edu.pe\/ucps\/wp-json\/wp\/v2\/pages\/1151","targetHints":{"allow":["GET"]}}],"collection":[{"href":"https:\/\/www.unsa.edu.pe\/ucps\/wp-json\/wp\/v2\/pages"}],"about":[{"href":"https:\/\/www.unsa.edu.pe\/ucps\/wp-json\/wp\/v2\/types\/page"}],"author":[{"embeddable":true,"href":"https:\/\/www.unsa.edu.pe\/ucps\/wp-json\/wp\/v2\/users\/1"}],"replies":[{"embeddable":true,"href":"https:\/\/www.unsa.edu.pe\/ucps\/wp-json\/wp\/v2\/comments?post=1151"}],"version-history":[{"count":25,"href":"https:\/\/www.unsa.edu.pe\/ucps\/wp-json\/wp\/v2\/pages\/1151\/revisions"}],"predecessor-version":[{"id":1482,"href":"https:\/\/www.unsa.edu.pe\/ucps\/wp-json\/wp\/v2\/pages\/1151\/revisions\/1482"}],"wp:attachment":[{"href":"https:\/\/www.unsa.edu.pe\/ucps\/wp-json\/wp\/v2\/media?parent=1151"}],"curies":[{"name":"wp","href":"https:\/\/api.w.org\/{rel}","templated":true}]}}