{"id":1198,"date":"2025-05-28T02:24:08","date_gmt":"2025-05-28T00:24:08","guid":{"rendered":"https:\/\/www.unsa.edu.pe\/ucps\/?page_id=1198"},"modified":"2026-03-26T16:09:42","modified_gmt":"2026-03-26T15:09:42","slug":"ucps-gestion-logistica","status":"publish","type":"page","link":"https:\/\/www.unsa.edu.pe\/ucps\/ucps-gestion-logistica\/","title":{"rendered":"UCPS &#8211;  GESTI\u00d3N LOG\u00cdSTICA"},"content":{"rendered":"\t\t<div data-elementor-type=\"wp-page\" data-elementor-id=\"1198\" class=\"elementor elementor-1198\" data-elementor-post-type=\"page\">\n\t\t\t\t<div class=\"elementor-element elementor-element-4832b7de e-flex e-con-boxed e-con e-parent\" data-id=\"4832b7de\" data-element_type=\"container\">\n\t\t\t\t\t<div class=\"e-con-inner\">\n\t\t<div class=\"elementor-element elementor-element-550c43d6 e-con-full e-flex e-con e-child\" data-id=\"550c43d6\" data-element_type=\"container\">\n\t\t\t\t<div class=\"elementor-element elementor-element-1b1917a elementor-view-default elementor-widget elementor-widget-icon\" data-id=\"1b1917a\" data-element_type=\"widget\" data-widget_type=\"icon.default\">\n\t\t\t\t<div class=\"elementor-widget-container\">\n\t\t\t\t\t\t\t<div class=\"elementor-icon-wrapper\">\n\t\t\t<a class=\"elementor-icon\" href=\"https:\/\/www.unsa.edu.pe\/ucps\/\" target=\"_blank\">\n\t\t\t<svg aria-hidden=\"true\" class=\"e-font-icon-svg e-fas-arrow-left\" viewBox=\"0 0 448 512\" xmlns=\"http:\/\/www.w3.org\/2000\/svg\"><path d=\"M257.5 445.1l-22.2 22.2c-9.4 9.4-24.6 9.4-33.9 0L7 273c-9.4-9.4-9.4-24.6 0-33.9L201.4 44.7c9.4-9.4 24.6-9.4 33.9 0l22.2 22.2c9.5 9.5 9.3 25-.4 34.3L136.6 216H424c13.3 0 24 10.7 24 24v32c0 13.3-10.7 24-24 24H136.6l120.5 114.8c9.8 9.3 10 24.8.4 34.3z\"><\/path><\/svg>\t\t\t<\/a>\n\t\t<\/div>\n\t\t\t\t\t\t<\/div>\n\t\t\t\t<\/div>\n\t\t\t\t<\/div>\n\t\t<div class=\"elementor-element elementor-element-4dd54a88 e-con-full e-flex e-con e-child\" data-id=\"4dd54a88\" data-element_type=\"container\">\n\t\t\t\t<div class=\"elementor-element elementor-element-2d751d94 elementor-cta--layout-image-above elementor-cta--skin-classic elementor-animated-content elementor-bg-transform elementor-bg-transform-zoom-in elementor-widget elementor-widget-call-to-action\" data-id=\"2d751d94\" data-element_type=\"widget\" data-widget_type=\"call-to-action.default\">\n\t\t\t\t<div class=\"elementor-widget-container\">\n\t\t\t\t\t\t\t<div class=\"elementor-cta\">\n\t\t\t\t\t\t\t<div class=\"elementor-cta__content\">\n\t\t\t\t\n\t\t\t\t\t\t\t\t\t<h1 class=\"elementor-cta__title elementor-cta__content-item elementor-content-item\">\n\t\t\t\t\t\tUNIDAD DE CAPACITACI\u00d3N PRODUCCI\u00d3N Y SERVICIOS\t\t\t\t\t<\/h1>\n\t\t\t\t\n\t\t\t\t\n\t\t\t\t\t\t\t<\/div>\n\t\t\t\t\t\t<\/div>\n\t\t\t\t\t\t<\/div>\n\t\t\t\t<\/div>\n\t\t\t\t<\/div>\n\t\t\t\t\t<\/div>\n\t\t\t\t<\/div>\n\t\t<div class=\"elementor-element elementor-element-3fc7cb87 e-flex e-con-boxed e-con e-parent\" data-id=\"3fc7cb87\" data-element_type=\"container\">\n\t\t\t\t\t<div class=\"e-con-inner\">\n\t\t\t\t<div class=\"elementor-element elementor-element-8c544 elementor-cta--layout-image-above elementor-cta--skin-classic elementor-animated-content elementor-bg-transform elementor-bg-transform-zoom-in elementor-widget elementor-widget-call-to-action\" data-id=\"8c544\" data-element_type=\"widget\" data-widget_type=\"call-to-action.default\">\n\t\t\t\t<div class=\"elementor-widget-container\">\n\t\t\t\t\t\t\t<div class=\"elementor-cta\">\n\t\t\t\t\t\t\t<div class=\"elementor-cta__content\">\n\t\t\t\t\n\t\t\t\t\t\t\t\t\t<h1 class=\"elementor-cta__title elementor-cta__content-item elementor-content-item\">\n\t\t\t\t\t\tPROGRAMA DE\t\t\t\t\t<\/h1>\n\t\t\t\t\n\t\t\t\t\n\t\t\t\t\t\t\t<\/div>\n\t\t\t\t\t\t<\/div>\n\t\t\t\t\t\t<\/div>\n\t\t\t\t<\/div>\n\t\t\t\t<div class=\"elementor-element elementor-element-212328f5 elementor-cta--layout-image-above elementor-cta--skin-classic elementor-animated-content elementor-bg-transform elementor-bg-transform-zoom-in elementor-widget elementor-widget-call-to-action\" data-id=\"212328f5\" data-element_type=\"widget\" data-widget_type=\"call-to-action.default\">\n\t\t\t\t<div class=\"elementor-widget-container\">\n\t\t\t\t\t\t\t<div class=\"elementor-cta\">\n\t\t\t\t\t\t\t<div class=\"elementor-cta__content\">\n\t\t\t\t\n\t\t\t\t\t\t\t\t\t<h1 class=\"elementor-cta__title elementor-cta__content-item elementor-content-item\">\n\t\t\t\t\t\tGESTI\u00d3N LOG\u00cdSTICA Y OPERACIONES DE ALMAC\u00c9N\t\t\t\t\t<\/h1>\n\t\t\t\t\n\t\t\t\t\n\t\t\t\t\t\t\t<\/div>\n\t\t\t\t\t\t<\/div>\n\t\t\t\t\t\t<\/div>\n\t\t\t\t<\/div>\n\t\t\t\t<div class=\"elementor-element elementor-element-3a16d850 elementor-widget elementor-widget-heading\" data-id=\"3a16d850\" data-element_type=\"widget\" data-widget_type=\"heading.default\">\n\t\t\t\t<div class=\"elementor-widget-container\">\n\t\t\t\t\t<h2 class=\"elementor-heading-title elementor-size-default\">09 Meses \/ 720 horas acad\u00e9micas<\/h2>\t\t\t\t<\/div>\n\t\t\t\t<\/div>\n\t\t\t\t<div class=\"elementor-element elementor-element-4d7741c2 elementor-widget-divider--view-line elementor-widget elementor-widget-divider\" data-id=\"4d7741c2\" data-element_type=\"widget\" data-widget_type=\"divider.default\">\n\t\t\t\t<div class=\"elementor-widget-container\">\n\t\t\t\t\t\t\t<div class=\"elementor-divider\">\n\t\t\t<span class=\"elementor-divider-separator\">\n\t\t\t\t\t\t<\/span>\n\t\t<\/div>\n\t\t\t\t\t\t<\/div>\n\t\t\t\t<\/div>\n\t\t\t\t<div class=\"elementor-element elementor-element-5fae7f8c elementor-align-center elementor-mobile-align-left animated-slow elementor-invisible elementor-widget elementor-widget-button\" data-id=\"5fae7f8c\" data-element_type=\"widget\" data-settings=\"{&quot;_animation&quot;:&quot;fadeInLeft&quot;}\" data-widget_type=\"button.default\">\n\t\t\t\t<div class=\"elementor-widget-container\">\n\t\t\t\t\t\t\t\t\t<div class=\"elementor-button-wrapper\">\n\t\t\t\t\t<a class=\"elementor-button elementor-button-link elementor-size-sm elementor-animation-grow\" href=\"https:\/\/erp.fips-ucps.unsa.edu.pe\" target=\"_blank\">\n\t\t\t\t\t\t<span class=\"elementor-button-content-wrapper\">\n\t\t\t\t\t\t\t\t\t<span class=\"elementor-button-text\">ADMISI\u00d3N 2026<\/span>\n\t\t\t\t\t<\/span>\n\t\t\t\t\t<\/a>\n\t\t\t\t<\/div>\n\t\t\t\t\t\t\t\t<\/div>\n\t\t\t\t<\/div>\n\t\t\t\t<div class=\"elementor-element elementor-element-112cd13 elementor-align-center elementor-mobile-align-left animated-slow elementor-invisible elementor-widget elementor-widget-button\" data-id=\"112cd13\" data-element_type=\"widget\" data-settings=\"{&quot;_animation&quot;:&quot;fadeInLeft&quot;}\" data-widget_type=\"button.default\">\n\t\t\t\t<div class=\"elementor-widget-container\">\n\t\t\t\t\t\t\t\t\t<div class=\"elementor-button-wrapper\">\n\t\t\t\t\t<a class=\"elementor-button elementor-button-link elementor-size-sm elementor-animation-grow\" href=\"https:\/\/www.youtube.com\/watch?v=grTPS-VXAhw\" target=\"_blank\">\n\t\t\t\t\t\t<span class=\"elementor-button-content-wrapper\">\n\t\t\t\t\t\t\t\t\t<span class=\"elementor-button-text\">TUTORIAL DE MATR\u00cdCULA<\/span>\n\t\t\t\t\t<\/span>\n\t\t\t\t\t<\/a>\n\t\t\t\t<\/div>\n\t\t\t\t\t\t\t\t<\/div>\n\t\t\t\t<\/div>\n\t\t\t\t\t<\/div>\n\t\t\t\t<\/div>\n\t\t<div class=\"elementor-element elementor-element-2fac3e0 e-con-full e-flex e-con e-parent\" data-id=\"2fac3e0\" data-element_type=\"container\" data-settings=\"{&quot;background_background&quot;:&quot;classic&quot;}\">\n\t\t<div class=\"elementor-element elementor-element-4f141a1 e-con-full e-flex e-con e-child\" data-id=\"4f141a1\" data-element_type=\"container\" data-settings=\"{&quot;background_background&quot;:&quot;classic&quot;}\">\n\t\t\t\t<div class=\"elementor-element elementor-element-2038be4f elementor-widget elementor-widget-heading\" data-id=\"2038be4f\" data-element_type=\"widget\" data-widget_type=\"heading.default\">\n\t\t\t\t<div class=\"elementor-widget-container\">\n\t\t\t\t\t<h2 class=\"elementor-heading-title elementor-size-default\">Descripci\u00f3n<\/h2>\t\t\t\t<\/div>\n\t\t\t\t<\/div>\n\t\t\t\t<div class=\"elementor-element elementor-element-3021c605 elementor-cta--skin-classic elementor-animated-content elementor-bg-transform elementor-bg-transform-zoom-in elementor-widget elementor-widget-call-to-action\" data-id=\"3021c605\" data-element_type=\"widget\" data-widget_type=\"call-to-action.default\">\n\t\t\t\t<div class=\"elementor-widget-container\">\n\t\t\t\t\t\t\t<div class=\"elementor-cta\">\n\t\t\t\t\t\t\t<div class=\"elementor-cta__content\">\n\t\t\t\t\n\t\t\t\t\n\t\t\t\t\t\t\t\t\t<div class=\"elementor-cta__description elementor-cta__content-item elementor-content-item\">\n\t\t\t\t\t\tEl programa de Gesti\u00f3n Log\u00edstica y Operaciones de Almac\u00e9n ofrece un conjunto\nde herramientas esenciales para la gesti\u00f3n eficiente de compras, inventarios\ny distribuci\u00f3n. Se centra en la adaptaci\u00f3n de los procesos log\u00edsticos a la era\ndigital, donde la rapidez y la precisi\u00f3n son cruciales. Adem\u00e1s, capacita a los\nparticipantes para tomar decisiones efectivas y oportunas que contribuyan a la\ncompetitividad en un entorno empresarial en constante cambio, proporcionando\npersonal calificado para mantener un control adecuado de la informaci\u00f3n a lo\nlargo de todos los procesos log\u00edsticos.\t\t\t\t\t<\/div>\n\t\t\t\t\n\t\t\t\t\t\t\t<\/div>\n\t\t\t\t\t\t<\/div>\n\t\t\t\t\t\t<\/div>\n\t\t\t\t<\/div>\n\t\t\t\t<div class=\"elementor-element elementor-element-70663395 elementor-widget elementor-widget-heading\" data-id=\"70663395\" data-element_type=\"widget\" data-widget_type=\"heading.default\">\n\t\t\t\t<div class=\"elementor-widget-container\">\n\t\t\t\t\t<h2 class=\"elementor-heading-title elementor-size-default\">Requisitos<\/h2>\t\t\t\t<\/div>\n\t\t\t\t<\/div>\n\t\t\t\t<div class=\"elementor-element elementor-element-7f4d1467 elementor-widget__width-initial elementor-widget elementor-widget-text-editor\" data-id=\"7f4d1467\" data-element_type=\"widget\" data-widget_type=\"text-editor.default\">\n\t\t\t\t<div class=\"elementor-widget-container\">\n\t\t\t\t\t\t\t\t\t<p><strong>LUN A VIE<\/strong>: 19:00 a 22:00 hrs<\/p>\t\t\t\t\t\t\t\t<\/div>\n\t\t\t\t<\/div>\n\t\t\t\t<div class=\"elementor-element elementor-element-557f7eb4 elementor-widget elementor-widget-heading\" data-id=\"557f7eb4\" data-element_type=\"widget\" data-widget_type=\"heading.default\">\n\t\t\t\t<div class=\"elementor-widget-container\">\n\t\t\t\t\t<h2 class=\"elementor-heading-title elementor-size-default\">Inversi\u00f3n<\/h2>\t\t\t\t<\/div>\n\t\t\t\t<\/div>\n\t\t\t\t<div class=\"elementor-element elementor-element-3200fdc3 elementor-widget elementor-widget-text-editor\" data-id=\"3200fdc3\" data-element_type=\"widget\" data-widget_type=\"text-editor.default\">\n\t\t\t\t<div class=\"elementor-widget-container\">\n\t\t\t\t\t\t\t\t\t<p><strong><span style=\"vertical-align: inherit;\"><span style=\"vertical-align: inherit;\"><span style=\"vertical-align: inherit;\"><span style=\"vertical-align: inherit;\">Matr\u00edcula<\/span><\/span><\/span><\/span><\/strong><span style=\"vertical-align: inherit;\"><span style=\"vertical-align: inherit;\"><span style=\"vertical-align: inherit;\"><span style=\"vertical-align: inherit;\">:\u00a0 S\/. 120<\/span><\/span><\/span><\/span><br \/><strong><span style=\"vertical-align: inherit;\"><span style=\"vertical-align: inherit;\"><span style=\"vertical-align: inherit;\"><span style=\"vertical-align: inherit;\">Pensi\u00f3n<\/span><\/span><\/span><\/span><\/strong><span style=\"vertical-align: inherit;\"><span style=\"vertical-align: inherit;\"><span style=\"vertical-align: inherit;\"><span style=\"vertical-align: inherit;\">:\u00a0 \u00a0 \u00a0S\/. 200<\/span><\/span><\/span><\/span><\/p>\t\t\t\t\t\t\t\t<\/div>\n\t\t\t\t<\/div>\n\t\t\t\t<\/div>\n\t\t<div class=\"elementor-element elementor-element-e89dbfe e-con-full e-flex e-con e-child\" data-id=\"e89dbfe\" data-element_type=\"container\">\n\t\t<div class=\"elementor-element elementor-element-2a9bc0e e-con-full animated-slow e-flex elementor-invisible e-con e-child\" data-id=\"2a9bc0e\" data-element_type=\"container\" data-settings=\"{&quot;background_background&quot;:&quot;classic&quot;,&quot;animation&quot;:&quot;swing&quot;}\">\n\t\t\t\t<div class=\"elementor-element elementor-element-2ac2e6dc elementor-widget elementor-widget-heading\" data-id=\"2ac2e6dc\" data-element_type=\"widget\" data-widget_type=\"heading.default\">\n\t\t\t\t<div class=\"elementor-widget-container\">\n\t\t\t\t\t<h2 class=\"elementor-heading-title elementor-size-default\">Malla Curricular y Certificaci\u00f3n<\/h2>\t\t\t\t<\/div>\n\t\t\t\t<\/div>\n\t\t\t\t<div class=\"elementor-element elementor-element-3f21ca27 elementor-widget elementor-widget-html\" data-id=\"3f21ca27\" data-element_type=\"widget\" data-widget_type=\"html.default\">\n\t\t\t\t<div class=\"elementor-widget-container\">\n\t\t\t\t\t<!DOCTYPE html>\r\n<html lang=\"es\">\r\n<head>\r\n  <meta charset=\"UTF-8\" \/>\r\n  <meta name=\"viewport\" content=\"width=device-width, initial-scale=1.0\"\/>\r\n  <title>M\u00f3dulos de Log\u00edstica<\/title>\r\n  <link href=\"https:\/\/unpkg.com\/phosphor-icons@1.4.2\/src\/css\/phosphor.css\" rel=\"stylesheet\">\r\n  <style>\r\n    * {\r\n      box-sizing: border-box;\r\n      margin: 0;\r\n      padding: 0;\r\n      font-family: 'Arial', sans-serif;\r\n    }\r\n\r\n    body {\r\n      background: #f8fafc;\r\n      padding: 1rem;\r\n    }\r\n\r\n    .module {\r\n      background: white;\r\n      border-radius: 12px;\r\n      box-shadow: 0 2px 6px rgba(0,0,0,0.1);\r\n      padding: 1.5rem;\r\n      margin-bottom: 1.5rem;\r\n    }\r\n\r\n    .module h2 {\r\n      display: flex;\r\n      align-items: center;\r\n      font-size: 1.2rem;\r\n      color: #1e293b;\r\n      margin-bottom: 1rem;\r\n    }\r\n\r\n    .module h2 i {\r\n      margin-right: 0.5rem;\r\n      color: #ea580c;\r\n    }\r\n\r\n    ul {\r\n      list-style: none;\r\n      margin-bottom: 1rem;\r\n    }\r\n\r\n    ul li {\r\n      margin-bottom: 0.5rem;\r\n      padding-left: 1.2rem;\r\n      position: relative;\r\n      color: #334155;\r\n    }\r\n\r\n    ul li::before {\r\n      content: \"\u2022\";\r\n      position: absolute;\r\n      left: 0;\r\n      color: #f97316;\r\n      font-weight: bold;\r\n    }\r\n\r\n    .hours {\r\n      font-weight: bold;\r\n      font-size: 0.9rem;\r\n      color: #0f172a;\r\n      display: flex;\r\n      gap: 1rem;\r\n      flex-wrap: wrap;\r\n      margin-bottom: 0.5rem;\r\n    }\r\n\r\n    .total {\r\n      font-size: 0.9rem;\r\n      font-weight: bold;\r\n      color: #b45309;\r\n    }\r\n\r\n    @media (min-width: 600px) {\r\n      .module {\r\n        max-width: 500px;\r\n        margin: 1rem auto;\r\n      }\r\n    }\r\n  <\/style>\r\n<\/head>\r\n<body>\r\n\r\n  <div class=\"module\">\r\n    <h2><i class=\"ph ph-truck\"><\/i> M\u00d3DULO I - ASISTENTE LOG\u00cdSTICO DE PROCESOS Y PACKAGING<\/h2>\r\n    <ul>\r\n      <li>Fundamentos de la Log\u00edstica y Cadena de Suministros<\/li>\r\n      <li>Procesos Productivos<\/li>\r\n      <li>Envases y Embalajes<\/li>\r\n    <\/ul>\r\n    <div class=\"hours\">\r\n      <span>06 hrs\/sem<\/span>\r\n      <span>08 hrs\/sem<\/span>\r\n      <span>06 hrs\/sem<\/span>\r\n    <\/div>\r\n    <div class=\"total\">TOTAL DE HORAS ACAD\u00c9MICAS: 160<\/div>\r\n  <\/div>\r\n\r\n  <div class=\"module\">\r\n    <h2><i class=\"ph ph-headset\"><\/i> M\u00d3DULO II - GESTOR DE APROVISIONAMIENTO, SERVICIO AL CLIENTE Y LOG\u00cdSTICA DIGITAL<\/h2>\r\n    <ul>\r\n      <li>Gesti\u00f3n de Aprovisionamiento<\/li>\r\n      <li>E-Commerce y log\u00edstica digital<\/li>\r\n      <li>Servicios y Atenci\u00f3n al cliente<\/li>\r\n    <\/ul>\r\n    <div class=\"hours\">\r\n      <span>08 hrs\/sem<\/span>\r\n      <span>06 hrs\/sem<\/span>\r\n      <span>06 hrs\/sem<\/span>\r\n    <\/div>\r\n    <div class=\"total\">TOTAL DE HORAS ACAD\u00c9MICAS: 160<\/div>\r\n  <\/div>\r\n\r\n  <div class=\"module\">\r\n    <h2><i class=\"ph ph-warehouse\"><\/i> M\u00d3DULO III - GESTOR EN CALIDAD TOTAL Y DE ALMACENES<\/h2>\r\n    <ul>\r\n      <li>Gesti\u00f3n de Inventarios y Almacenes<\/li>\r\n      <li>Lean Logistics<\/li>\r\n      <li>Seguridad Industrial y de Almacenes<\/li>\r\n    <\/ul>\r\n    <div class=\"hours\">\r\n      <span>08 hrs\/sem<\/span>\r\n      <span>06 hrs\/sem<\/span>\r\n      <span>06 hrs\/sem<\/span>\r\n    <\/div>\r\n    <div class=\"total\">TOTAL DE HORAS ACAD\u00c9MICAS: 200<\/div>\r\n  <\/div>\r\n\r\n  <div class=\"module\">\r\n    <h2><i class=\"ph ph-globe\"><\/i> M\u00d3DULO IV - ASISTENTE EN CONTRATACIONES Y ADQUISICIONES CON EL ESTADO Y LOG\u00cdSTICA INTERNACIONAL<\/h2>\r\n    <ul>\r\n      <li>Distribuci\u00f3n F\u00edsica Internacional<\/li>\r\n      <li>Contrataciones y Adquisiciones con el Estado<\/li>\r\n      <li>Proyecto Log\u00edstico<\/li>\r\n    <\/ul>\r\n    <div class=\"hours\">\r\n      <span>06 hrs\/sem<\/span>\r\n      <span>06 hrs\/sem<\/span>\r\n      <span>08 hrs\/sem<\/span>\r\n    <\/div>\r\n    <div class=\"total\">TOTAL DE HORAS ACAD\u00c9MICAS: 200<\/div>\r\n  <\/div>\r\n\r\n<\/body>\r\n<\/html>\r\n\t\t\t\t<\/div>\n\t\t\t\t<\/div>\n\t\t\t\t<\/div>\n\t\t\t\t<\/div>\n\t\t\t\t<\/div>\n\t\t<div class=\"elementor-element elementor-element-646deb81 e-con-full e-flex e-con e-parent\" data-id=\"646deb81\" data-element_type=\"container\">\n\t\t<div class=\"elementor-element elementor-element-5309e154 e-con-full e-flex e-con e-child\" data-id=\"5309e154\" data-element_type=\"container\" data-settings=\"{&quot;background_background&quot;:&quot;classic&quot;}\">\n\t\t\t\t<\/div>\n\t\t<div class=\"elementor-element elementor-element-5deea07f e-con-full e-flex e-con e-child\" data-id=\"5deea07f\" data-element_type=\"container\" data-settings=\"{&quot;background_background&quot;:&quot;classic&quot;}\">\n\t\t\t\t<div class=\"elementor-element elementor-element-7c63ac15 elementor-cta--layout-image-above elementor-cta--skin-classic elementor-animated-content elementor-bg-transform elementor-bg-transform-zoom-in elementor-widget elementor-widget-call-to-action\" data-id=\"7c63ac15\" data-element_type=\"widget\" data-widget_type=\"call-to-action.default\">\n\t\t\t\t<div class=\"elementor-widget-container\">\n\t\t\t\t\t\t\t<div class=\"elementor-cta\">\n\t\t\t\t\t\t\t<div class=\"elementor-cta__content\">\n\t\t\t\t\n\t\t\t\t\t\t\t\t\t<h1 class=\"elementor-cta__title elementor-cta__content-item elementor-content-item\">\n\t\t\t\t\t\tFACULTAD DE INGENIER\u00cdA DE PRODUCCI\u00d3N Y SERVICIOS - UCPS FIPS\t\t\t\t\t<\/h1>\n\t\t\t\t\n\t\t\t\t\n\t\t\t\t\t\t\t<\/div>\n\t\t\t\t\t\t<\/div>\n\t\t\t\t\t\t<\/div>\n\t\t\t\t<\/div>\n\t\t\t\t<div class=\"elementor-element elementor-element-39660b96 elementor-widget elementor-widget-text-editor\" data-id=\"39660b96\" data-element_type=\"widget\" data-widget_type=\"text-editor.default\">\n\t\t\t\t<div class=\"elementor-widget-container\">\n\t\t\t\t\t\t\t\t\t<p>Cont\u00e1ctanos<br \/>fips_ucps@unsa.edu.pe<\/p><p>+51 967746981<br \/>S\u00edguenos en:<\/p>\t\t\t\t\t\t\t\t<\/div>\n\t\t\t\t<\/div>\n\t\t\t\t<\/div>\n\t\t\t\t<\/div>\n\t\t<footer class=\"elementor-element elementor-element-5f14abd5 e-con-full e-flex e-con e-parent\" data-id=\"5f14abd5\" data-element_type=\"container\">\n\t\t<div class=\"elementor-element elementor-element-d21407e e-con-full e-flex e-con e-child\" data-id=\"d21407e\" data-element_type=\"container\" data-settings=\"{&quot;background_background&quot;:&quot;classic&quot;}\">\n\t\t\t\t<\/div>\n\t\t<div class=\"elementor-element elementor-element-66d6a676 e-con-full e-flex e-con e-child\" data-id=\"66d6a676\" data-element_type=\"container\" data-settings=\"{&quot;background_background&quot;:&quot;classic&quot;}\">\n\t\t\t\t<div class=\"elementor-element elementor-element-31e3c00e elementor-widget elementor-widget-text-editor\" data-id=\"31e3c00e\" data-element_type=\"widget\" data-widget_type=\"text-editor.default\">\n\t\t\t\t<div class=\"elementor-widget-container\">\n\t\t\t\t\t\t\t\t\t<p>Aviso de Privacidad<br \/>\u00a9 Copyright 2025 Universidad Nacional de San Agust\u00edn<br \/>Todos los derechos reservados Universidad Nacional de San Agust\u00edn | <em>Avenida Venezuela 427 A Arequipa, Departamento de Arequipa<\/em>\u00a0Tel\u00e9fono: (054) 286913\u00a0<\/p>\t\t\t\t\t\t\t\t<\/div>\n\t\t\t\t<\/div>\n\t\t\t\t<div class=\"elementor-element elementor-element-76e2ebbd elementor-widget-divider--view-line elementor-widget elementor-widget-divider\" data-id=\"76e2ebbd\" data-element_type=\"widget\" data-widget_type=\"divider.default\">\n\t\t\t\t<div class=\"elementor-widget-container\">\n\t\t\t\t\t\t\t<div class=\"elementor-divider\">\n\t\t\t<span class=\"elementor-divider-separator\">\n\t\t\t\t\t\t<\/span>\n\t\t<\/div>\n\t\t\t\t\t\t<\/div>\n\t\t\t\t<\/div>\n\t\t\t\t<div class=\"elementor-element elementor-element-4c0ccf7a elementor-widget elementor-widget-text-editor\" data-id=\"4c0ccf7a\" data-element_type=\"widget\" data-widget_type=\"text-editor.default\">\n\t\t\t\t<div class=\"elementor-widget-container\">\n\t\t\t\t\t\t\t\t\t2026  \u00a9 All Rights Reserved\t\t\t\t\t\t\t\t<\/div>\n\t\t\t\t<\/div>\n\t\t\t\t<\/div>\n\t\t\t\t<\/footer>\n\t\t\t\t<\/div>\n\t\t","protected":false},"excerpt":{"rendered":"<p>UNIDAD DE CAPACITACI\u00d3N PRODUCCI\u00d3N Y SERVICIOS PROGRAMA DE GESTI\u00d3N LOG\u00cdSTICA Y OPERACIONES DE ALMAC\u00c9N 09 Meses \/ 720 horas acad\u00e9micas ADMISI\u00d3N 2026 TUTORIAL DE MATR\u00cdCULA Descripci\u00f3n El programa de Gesti\u00f3n Log\u00edstica y Operaciones de Almac\u00e9n ofrece un conjunto de herramientas esenciales para la gesti\u00f3n eficiente de compras, inventarios y distribuci\u00f3n. Se centra en la adaptaci\u00f3n &hellip; <\/p>\n<p class=\"link-more\"><a href=\"https:\/\/www.unsa.edu.pe\/ucps\/ucps-gestion-logistica\/\" class=\"more-link\">Continuar leyendo<span class=\"screen-reader-text\"> \u00abUCPS &#8211;  GESTI\u00d3N LOG\u00cdSTICA\u00bb<\/span><\/a><\/p>\n","protected":false},"author":1,"featured_media":0,"parent":0,"menu_order":0,"comment_status":"closed","ping_status":"closed","template":"elementor_canvas","meta":{"footnotes":""},"class_list":["post-1198","page","type-page","status-publish","hentry"],"_links":{"self":[{"href":"https:\/\/www.unsa.edu.pe\/ucps\/wp-json\/wp\/v2\/pages\/1198","targetHints":{"allow":["GET"]}}],"collection":[{"href":"https:\/\/www.unsa.edu.pe\/ucps\/wp-json\/wp\/v2\/pages"}],"about":[{"href":"https:\/\/www.unsa.edu.pe\/ucps\/wp-json\/wp\/v2\/types\/page"}],"author":[{"embeddable":true,"href":"https:\/\/www.unsa.edu.pe\/ucps\/wp-json\/wp\/v2\/users\/1"}],"replies":[{"embeddable":true,"href":"https:\/\/www.unsa.edu.pe\/ucps\/wp-json\/wp\/v2\/comments?post=1198"}],"version-history":[{"count":7,"href":"https:\/\/www.unsa.edu.pe\/ucps\/wp-json\/wp\/v2\/pages\/1198\/revisions"}],"predecessor-version":[{"id":1491,"href":"https:\/\/www.unsa.edu.pe\/ucps\/wp-json\/wp\/v2\/pages\/1198\/revisions\/1491"}],"wp:attachment":[{"href":"https:\/\/www.unsa.edu.pe\/ucps\/wp-json\/wp\/v2\/media?parent=1198"}],"curies":[{"name":"wp","href":"https:\/\/api.w.org\/{rel}","templated":true}]}}