{"id":1230,"date":"2025-05-28T02:42:34","date_gmt":"2025-05-28T00:42:34","guid":{"rendered":"https:\/\/www.unsa.edu.pe\/ucps\/?page_id=1230"},"modified":"2026-03-26T16:10:48","modified_gmt":"2026-03-26T15:10:48","slug":"ucps-gestion-de-recursos-humanos","status":"publish","type":"page","link":"https:\/\/www.unsa.edu.pe\/ucps\/ucps-gestion-de-recursos-humanos\/","title":{"rendered":"UCPS &#8211; GESTI\u00d3N DE RECURSOS HUMANOS"},"content":{"rendered":"\t\t<div data-elementor-type=\"wp-page\" data-elementor-id=\"1230\" class=\"elementor elementor-1230\" data-elementor-post-type=\"page\">\n\t\t\t\t<div class=\"elementor-element elementor-element-8eae9fd e-flex e-con-boxed e-con e-parent\" data-id=\"8eae9fd\" data-element_type=\"container\">\n\t\t\t\t\t<div class=\"e-con-inner\">\n\t\t\t\t<div class=\"elementor-element elementor-element-747b485f elementor-widget elementor-widget-text-editor\" data-id=\"747b485f\" data-element_type=\"widget\" data-widget_type=\"text-editor.default\">\n\t\t\t\t<div class=\"elementor-widget-container\">\n\t\t\t\t\t\t\t\t\t\n<p><\/p>\n\n\n\n<p><\/p>\n\t\t\t\t\t\t\t\t<\/div>\n\t\t\t\t<\/div>\n\t\t\t\t\t<\/div>\n\t\t\t\t<\/div>\n\t\t<div class=\"elementor-element elementor-element-61a8e2f7 e-flex e-con-boxed e-con e-parent\" data-id=\"61a8e2f7\" data-element_type=\"container\">\n\t\t\t\t\t<div class=\"e-con-inner\">\n\t\t<div class=\"elementor-element elementor-element-3839827a e-con-full e-flex e-con e-child\" data-id=\"3839827a\" data-element_type=\"container\">\n\t\t\t\t<div class=\"elementor-element elementor-element-597ade2e elementor-view-default elementor-widget elementor-widget-icon\" data-id=\"597ade2e\" data-element_type=\"widget\" data-widget_type=\"icon.default\">\n\t\t\t\t<div class=\"elementor-widget-container\">\n\t\t\t\t\t\t\t<div class=\"elementor-icon-wrapper\">\n\t\t\t<a class=\"elementor-icon\" href=\"https:\/\/www.unsa.edu.pe\/ucps\/\" target=\"_blank\">\n\t\t\t<svg aria-hidden=\"true\" class=\"e-font-icon-svg e-fas-arrow-left\" viewBox=\"0 0 448 512\" xmlns=\"http:\/\/www.w3.org\/2000\/svg\"><path d=\"M257.5 445.1l-22.2 22.2c-9.4 9.4-24.6 9.4-33.9 0L7 273c-9.4-9.4-9.4-24.6 0-33.9L201.4 44.7c9.4-9.4 24.6-9.4 33.9 0l22.2 22.2c9.5 9.5 9.3 25-.4 34.3L136.6 216H424c13.3 0 24 10.7 24 24v32c0 13.3-10.7 24-24 24H136.6l120.5 114.8c9.8 9.3 10 24.8.4 34.3z\"><\/path><\/svg>\t\t\t<\/a>\n\t\t<\/div>\n\t\t\t\t\t\t<\/div>\n\t\t\t\t<\/div>\n\t\t\t\t<\/div>\n\t\t<div class=\"elementor-element elementor-element-1a17f5b7 e-con-full e-flex e-con e-child\" data-id=\"1a17f5b7\" data-element_type=\"container\">\n\t\t\t\t<div class=\"elementor-element elementor-element-4667c765 elementor-cta--layout-image-above elementor-cta--skin-classic elementor-animated-content elementor-bg-transform elementor-bg-transform-zoom-in elementor-widget elementor-widget-call-to-action\" data-id=\"4667c765\" data-element_type=\"widget\" data-widget_type=\"call-to-action.default\">\n\t\t\t\t<div class=\"elementor-widget-container\">\n\t\t\t\t\t\t\t<div class=\"elementor-cta\">\n\t\t\t\t\t\t\t<div class=\"elementor-cta__content\">\n\t\t\t\t\n\t\t\t\t\t\t\t\t\t<h1 class=\"elementor-cta__title elementor-cta__content-item elementor-content-item\">\n\t\t\t\t\t\tUNIDAD DE CAPACITACI\u00d3N PRODUCCI\u00d3N Y SERVICIOS\t\t\t\t\t<\/h1>\n\t\t\t\t\n\t\t\t\t\n\t\t\t\t\t\t\t<\/div>\n\t\t\t\t\t\t<\/div>\n\t\t\t\t\t\t<\/div>\n\t\t\t\t<\/div>\n\t\t\t\t<\/div>\n\t\t\t\t\t<\/div>\n\t\t\t\t<\/div>\n\t\t<div class=\"elementor-element elementor-element-69ae917 e-flex e-con-boxed e-con e-parent\" data-id=\"69ae917\" data-element_type=\"container\">\n\t\t\t\t\t<div class=\"e-con-inner\">\n\t\t\t\t<div class=\"elementor-element elementor-element-1a6579f0 elementor-cta--layout-image-above elementor-cta--skin-classic elementor-animated-content elementor-bg-transform elementor-bg-transform-zoom-in elementor-widget elementor-widget-call-to-action\" data-id=\"1a6579f0\" data-element_type=\"widget\" data-widget_type=\"call-to-action.default\">\n\t\t\t\t<div class=\"elementor-widget-container\">\n\t\t\t\t\t\t\t<div class=\"elementor-cta\">\n\t\t\t\t\t\t\t<div class=\"elementor-cta__content\">\n\t\t\t\t\n\t\t\t\t\t\t\t\t\t<h1 class=\"elementor-cta__title elementor-cta__content-item elementor-content-item\">\n\t\t\t\t\t\tPROGRAMA DE\t\t\t\t\t<\/h1>\n\t\t\t\t\n\t\t\t\t\n\t\t\t\t\t\t\t<\/div>\n\t\t\t\t\t\t<\/div>\n\t\t\t\t\t\t<\/div>\n\t\t\t\t<\/div>\n\t\t\t\t<div class=\"elementor-element elementor-element-1001ab5 elementor-cta--layout-image-above elementor-cta--skin-classic elementor-animated-content elementor-bg-transform elementor-bg-transform-zoom-in elementor-widget elementor-widget-call-to-action\" data-id=\"1001ab5\" data-element_type=\"widget\" data-widget_type=\"call-to-action.default\">\n\t\t\t\t<div class=\"elementor-widget-container\">\n\t\t\t\t\t\t\t<div class=\"elementor-cta\">\n\t\t\t\t\t\t\t<div class=\"elementor-cta__content\">\n\t\t\t\t\n\t\t\t\t\t\t\t\t\t<h1 class=\"elementor-cta__title elementor-cta__content-item elementor-content-item\">\n\t\t\t\t\t\tGESTI\u00d3N DE RECURSOS HUMANOS\t\t\t\t\t<\/h1>\n\t\t\t\t\n\t\t\t\t\n\t\t\t\t\t\t\t<\/div>\n\t\t\t\t\t\t<\/div>\n\t\t\t\t\t\t<\/div>\n\t\t\t\t<\/div>\n\t\t\t\t<div class=\"elementor-element elementor-element-71e664ac elementor-widget elementor-widget-heading\" data-id=\"71e664ac\" data-element_type=\"widget\" data-widget_type=\"heading.default\">\n\t\t\t\t<div class=\"elementor-widget-container\">\n\t\t\t\t\t<h2 class=\"elementor-heading-title elementor-size-default\">09 Meses \/ 720 horas acad\u00e9micas<\/h2>\t\t\t\t<\/div>\n\t\t\t\t<\/div>\n\t\t\t\t<div class=\"elementor-element elementor-element-4ca72adb elementor-widget-divider--view-line elementor-widget elementor-widget-divider\" data-id=\"4ca72adb\" data-element_type=\"widget\" data-widget_type=\"divider.default\">\n\t\t\t\t<div class=\"elementor-widget-container\">\n\t\t\t\t\t\t\t<div class=\"elementor-divider\">\n\t\t\t<span class=\"elementor-divider-separator\">\n\t\t\t\t\t\t<\/span>\n\t\t<\/div>\n\t\t\t\t\t\t<\/div>\n\t\t\t\t<\/div>\n\t\t\t\t<div class=\"elementor-element elementor-element-1ff5574d elementor-align-center elementor-mobile-align-left animated-slow elementor-invisible elementor-widget elementor-widget-button\" data-id=\"1ff5574d\" data-element_type=\"widget\" data-settings=\"{&quot;_animation&quot;:&quot;fadeInLeft&quot;}\" data-widget_type=\"button.default\">\n\t\t\t\t<div class=\"elementor-widget-container\">\n\t\t\t\t\t\t\t\t\t<div class=\"elementor-button-wrapper\">\n\t\t\t\t\t<a class=\"elementor-button elementor-button-link elementor-size-sm elementor-animation-grow\" href=\"https:\/\/erp.fips-ucps.unsa.edu.pe\" target=\"_blank\">\n\t\t\t\t\t\t<span class=\"elementor-button-content-wrapper\">\n\t\t\t\t\t\t\t\t\t<span class=\"elementor-button-text\">ADMISI\u00d3N 2026<\/span>\n\t\t\t\t\t<\/span>\n\t\t\t\t\t<\/a>\n\t\t\t\t<\/div>\n\t\t\t\t\t\t\t\t<\/div>\n\t\t\t\t<\/div>\n\t\t\t\t<div class=\"elementor-element elementor-element-6dd8be6e elementor-align-center elementor-mobile-align-left animated-slow elementor-invisible elementor-widget elementor-widget-button\" data-id=\"6dd8be6e\" data-element_type=\"widget\" data-settings=\"{&quot;_animation&quot;:&quot;fadeInLeft&quot;}\" data-widget_type=\"button.default\">\n\t\t\t\t<div class=\"elementor-widget-container\">\n\t\t\t\t\t\t\t\t\t<div class=\"elementor-button-wrapper\">\n\t\t\t\t\t<a class=\"elementor-button elementor-button-link elementor-size-sm elementor-animation-grow\" href=\"https:\/\/www.youtube.com\/watch?v=grTPS-VXAhw\" target=\"_blank\">\n\t\t\t\t\t\t<span class=\"elementor-button-content-wrapper\">\n\t\t\t\t\t\t\t\t\t<span class=\"elementor-button-text\">TUTORIAL DE MATR\u00cdCULA<\/span>\n\t\t\t\t\t<\/span>\n\t\t\t\t\t<\/a>\n\t\t\t\t<\/div>\n\t\t\t\t\t\t\t\t<\/div>\n\t\t\t\t<\/div>\n\t\t\t\t\t<\/div>\n\t\t\t\t<\/div>\n\t\t<div class=\"elementor-element elementor-element-2b9f1042 e-con-full e-flex e-con e-parent\" data-id=\"2b9f1042\" data-element_type=\"container\" data-settings=\"{&quot;background_background&quot;:&quot;classic&quot;}\">\n\t\t<div class=\"elementor-element elementor-element-14bc9c3d e-con-full e-flex e-con e-child\" data-id=\"14bc9c3d\" data-element_type=\"container\" data-settings=\"{&quot;background_background&quot;:&quot;classic&quot;}\">\n\t\t\t\t<div class=\"elementor-element elementor-element-1fd5519e elementor-widget elementor-widget-heading\" data-id=\"1fd5519e\" data-element_type=\"widget\" data-widget_type=\"heading.default\">\n\t\t\t\t<div class=\"elementor-widget-container\">\n\t\t\t\t\t<h2 class=\"elementor-heading-title elementor-size-default\">Descripci\u00f3n<\/h2>\t\t\t\t<\/div>\n\t\t\t\t<\/div>\n\t\t\t\t<div class=\"elementor-element elementor-element-66fbda73 elementor-cta--skin-classic elementor-animated-content elementor-bg-transform elementor-bg-transform-zoom-in elementor-widget elementor-widget-call-to-action\" data-id=\"66fbda73\" data-element_type=\"widget\" data-widget_type=\"call-to-action.default\">\n\t\t\t\t<div class=\"elementor-widget-container\">\n\t\t\t\t\t\t\t<div class=\"elementor-cta\">\n\t\t\t\t\t\t\t<div class=\"elementor-cta__content\">\n\t\t\t\t\n\t\t\t\t\n\t\t\t\t\t\t\t\t\t<div class=\"elementor-cta__description elementor-cta__content-item elementor-content-item\">\n\t\t\t\t\t\tEl programa de Recursos Humanos forma profesionales para gestionar el talento\nen organizaciones, alineando el crecimiento empresarial con el bienestar de\nlos empleados. Los estudiantes adquieren conocimientos en reclutamiento,\nselecci\u00f3n, capacitaci\u00f3n, compensaci\u00f3n y relaciones laborales, con \u00e9nfasis\nen la gesti\u00f3n del cambio y el cumplimiento de normativas laborales. Adem\u00e1s,\ndesarrollan habilidades en liderazgo, comunicaci\u00f3n y resoluci\u00f3n de conflictos,\nesenciales para crear ambientes laborales \u00e9ticos e inclusivos y enfrentar los\ndesaf\u00edos del entorno actual.\t\t\t\t\t<\/div>\n\t\t\t\t\n\t\t\t\t\t\t\t<\/div>\n\t\t\t\t\t\t<\/div>\n\t\t\t\t\t\t<\/div>\n\t\t\t\t<\/div>\n\t\t\t\t<div class=\"elementor-element elementor-element-3bcb33da elementor-widget elementor-widget-heading\" data-id=\"3bcb33da\" data-element_type=\"widget\" data-widget_type=\"heading.default\">\n\t\t\t\t<div class=\"elementor-widget-container\">\n\t\t\t\t\t<h2 class=\"elementor-heading-title elementor-size-default\">Requisitos<\/h2>\t\t\t\t<\/div>\n\t\t\t\t<\/div>\n\t\t\t\t<div class=\"elementor-element elementor-element-65e942eb elementor-widget__width-initial elementor-widget elementor-widget-text-editor\" data-id=\"65e942eb\" data-element_type=\"widget\" data-widget_type=\"text-editor.default\">\n\t\t\t\t<div class=\"elementor-widget-container\">\n\t\t\t\t\t\t\t\t\t<p><strong>LUN A VIE<\/strong>: 19:00 a 22:00 hrs<\/p>\t\t\t\t\t\t\t\t<\/div>\n\t\t\t\t<\/div>\n\t\t\t\t<div class=\"elementor-element elementor-element-2d24304 elementor-widget elementor-widget-heading\" data-id=\"2d24304\" data-element_type=\"widget\" data-widget_type=\"heading.default\">\n\t\t\t\t<div class=\"elementor-widget-container\">\n\t\t\t\t\t<h2 class=\"elementor-heading-title elementor-size-default\">Inversi\u00f3n<\/h2>\t\t\t\t<\/div>\n\t\t\t\t<\/div>\n\t\t\t\t<div class=\"elementor-element elementor-element-3ef5da3d elementor-widget elementor-widget-text-editor\" data-id=\"3ef5da3d\" data-element_type=\"widget\" data-widget_type=\"text-editor.default\">\n\t\t\t\t<div class=\"elementor-widget-container\">\n\t\t\t\t\t\t\t\t\t<p><strong><span style=\"vertical-align: inherit;\"><span style=\"vertical-align: inherit;\"><span style=\"vertical-align: inherit;\"><span style=\"vertical-align: inherit;\">Matr\u00edcula<\/span><\/span><\/span><\/span><\/strong><span style=\"vertical-align: inherit;\"><span style=\"vertical-align: inherit;\"><span style=\"vertical-align: inherit;\"><span style=\"vertical-align: inherit;\">:\u00a0 S\/. 120<\/span><\/span><\/span><\/span><br \/><strong><span style=\"vertical-align: inherit;\"><span style=\"vertical-align: inherit;\"><span style=\"vertical-align: inherit;\"><span style=\"vertical-align: inherit;\">Pensi\u00f3n<\/span><\/span><\/span><\/span><\/strong><span style=\"vertical-align: inherit;\"><span style=\"vertical-align: inherit;\"><span style=\"vertical-align: inherit;\"><span style=\"vertical-align: inherit;\">:\u00a0 \u00a0 \u00a0S\/. 200<\/span><\/span><\/span><\/span><\/p>\t\t\t\t\t\t\t\t<\/div>\n\t\t\t\t<\/div>\n\t\t\t\t<\/div>\n\t\t<div class=\"elementor-element elementor-element-6bf9753b e-con-full e-flex e-con e-child\" data-id=\"6bf9753b\" data-element_type=\"container\">\n\t\t<div class=\"elementor-element elementor-element-66c48b8f e-con-full animated-slow e-flex elementor-invisible e-con e-child\" data-id=\"66c48b8f\" data-element_type=\"container\" data-settings=\"{&quot;background_background&quot;:&quot;classic&quot;,&quot;animation&quot;:&quot;swing&quot;}\">\n\t\t\t\t<div class=\"elementor-element elementor-element-657e9cb9 elementor-widget elementor-widget-heading\" data-id=\"657e9cb9\" data-element_type=\"widget\" data-widget_type=\"heading.default\">\n\t\t\t\t<div class=\"elementor-widget-container\">\n\t\t\t\t\t<h2 class=\"elementor-heading-title elementor-size-default\">Malla Curricular y Certificaci\u00f3n<\/h2>\t\t\t\t<\/div>\n\t\t\t\t<\/div>\n\t\t\t\t<div class=\"elementor-element elementor-element-73d468c1 elementor-widget elementor-widget-html\" data-id=\"73d468c1\" data-element_type=\"widget\" data-widget_type=\"html.default\">\n\t\t\t\t<div class=\"elementor-widget-container\">\n\t\t\t\t\t<!DOCTYPE html>\r\n<html lang=\"es\">\r\n<head>\r\n  <meta charset=\"UTF-8\" \/>\r\n  <meta name=\"viewport\" content=\"width=device-width, initial-scale=1.0\"\/>\r\n  <title>M\u00f3dulos Recursos Humanos<\/title>\r\n  <link href=\"https:\/\/unpkg.com\/phosphor-icons@1.4.2\/src\/css\/phosphor.css\" rel=\"stylesheet\">\r\n  <style>\r\n    * {\r\n      box-sizing: border-box;\r\n      margin: 0;\r\n      padding: 0;\r\n      font-family: 'Arial', sans-serif;\r\n    }\r\n\r\n    body {\r\n      background: #f0f4f8;\r\n      padding: 1rem;\r\n    }\r\n\r\n    .module {\r\n      background: white;\r\n      border-radius: 12px;\r\n      box-shadow: 0 2px 6px rgba(0,0,0,0.1);\r\n      padding: 1.5rem;\r\n      margin-bottom: 1.5rem;\r\n    }\r\n\r\n    .module h2 {\r\n      display: flex;\r\n      align-items: center;\r\n      font-size: 1.2rem;\r\n      color: #1e3a2f;\r\n      margin-bottom: 1rem;\r\n    }\r\n\r\n    .module h2 i {\r\n      margin-right: 0.5rem;\r\n      color: #0f766e;\r\n    }\r\n\r\n    ul {\r\n      list-style: none;\r\n      margin-bottom: 1rem;\r\n    }\r\n\r\n    ul li {\r\n      margin-bottom: 0.5rem;\r\n      padding-left: 1.2rem;\r\n      position: relative;\r\n      color: #334155;\r\n    }\r\n\r\n    ul li::before {\r\n      content: \"\u2022\";\r\n      position: absolute;\r\n      left: 0;\r\n      color: #0d9488;\r\n      font-weight: bold;\r\n    }\r\n\r\n    .hours {\r\n      font-weight: bold;\r\n      font-size: 0.9rem;\r\n      color: #0f172a;\r\n      display: flex;\r\n      gap: 1rem;\r\n      flex-wrap: wrap;\r\n      margin-bottom: 0.5rem;\r\n    }\r\n\r\n    .total {\r\n      font-size: 0.9rem;\r\n      font-weight: bold;\r\n      color: #15803d;\r\n    }\r\n\r\n    @media (min-width: 600px) {\r\n      .module {\r\n        max-width: 500px;\r\n        margin: 1rem auto;\r\n      }\r\n    }\r\n  <\/style>\r\n<\/head>\r\n<body>\r\n\r\n  <div class=\"module\">\r\n    <h2><i class=\"ph ph-user\"><\/i> M\u00d3DULO I - FUNDAMENTOS DE RECURSOS HUMANOS<\/h2>\r\n    <ul>\r\n      <li>Introducci\u00f3n a la Gesti\u00f3n de Recursos Humanos<\/li>\r\n      <li>Comportamiento Organizacional<\/li>\r\n      <li>Psicolog\u00eda Organizacional<\/li>\r\n      <li>Legislaci\u00f3n Laboral<\/li>\r\n    <\/ul>\r\n    <div class=\"hours\">\r\n      <span>04 hrs\/sem<\/span>\r\n      <span>04 hrs\/sem<\/span>\r\n      <span>06 hrs\/sem<\/span>\r\n      <span>06 hrs\/sem<\/span>\r\n    <\/div>\r\n    <div class=\"total\">TOTAL DE HORAS ACAD\u00c9MICAS: 160<\/div>\r\n  <\/div>\r\n\r\n  <div class=\"module\">\r\n    <h2><i class=\"ph ph-briefcase-metal\"><\/i> M\u00d3DULO II - DESARROLLO DEL TALENTO Y RELACIONES LABORALES<\/h2>\r\n    <ul>\r\n      <li>Reclutamiento y Selecci\u00f3n de Personal<\/li>\r\n      <li>Capacitaci\u00f3n y Desarrollo<\/li>\r\n      <li>Gesti\u00f3n del Desempe\u00f1o<\/li>\r\n      <li>Relaciones Laborales y Negociaci\u00f3n Colectiva<\/li>\r\n    <\/ul>\r\n    <div class=\"hours\">\r\n      <span>06 hrs\/sem<\/span>\r\n      <span>04 hrs\/sem<\/span>\r\n      <span>06 hrs\/sem<\/span>\r\n      <span>04 hrs\/sem<\/span>\r\n    <\/div>\r\n    <div class=\"total\">TOTAL DE HORAS ACAD\u00c9MICAS: 160<\/div>\r\n  <\/div>\r\n\r\n  <div class=\"module\">\r\n    <h2><i class=\"ph ph-currency-circle-dollar\"><\/i> M\u00d3DULO III - COMPENSACI\u00d3N, BENEFICIOS Y GESTI\u00d3N DEL CAMBIO<\/h2>\r\n    <ul>\r\n      <li>Administraci\u00f3n de la Compensaci\u00f3n<\/li>\r\n      <li>Gesti\u00f3n de Beneficios<\/li>\r\n      <li>Gesti\u00f3n del Cambio Organizacional<\/li>\r\n      <li>Clima y Cultura Organizacional<\/li>\r\n    <\/ul>\r\n    <div class=\"hours\">\r\n      <span>04 hrs\/sem<\/span>\r\n      <span>06 hrs\/sem<\/span>\r\n      <span>04 hrs\/sem<\/span>\r\n      <span>06 hrs\/sem<\/span>\r\n    <\/div>\r\n    <div class=\"total\">TOTAL DE HORAS ACAD\u00c9MICAS: 200<\/div>\r\n  <\/div>\r\n\r\n  <div class=\"module\">\r\n    <h2><i class=\"ph ph-lightbulb\"><\/i> M\u00d3DULO IV - LIDERAZGO, \u00c9TICA Y ESTRATEGIAS DE RECURSOS HUMANOS<\/h2>\r\n    <ul>\r\n      <li>Liderazgo y Desarrollo de Equipos<\/li>\r\n      <li>\u00c9tica y Responsabilidad Social Corporativa<\/li>\r\n      <li>Estrategias de Recursos Humanos<\/li>\r\n      <li>Innovaci\u00f3n y Tendencias en Recursos Humanos<\/li>\r\n    <\/ul>\r\n    <div class=\"hours\">\r\n      <span>06 hrs\/sem<\/span>\r\n      <span>04 hrs\/sem<\/span>\r\n      <span>04 hrs\/sem<\/span>\r\n      <span>00 hrs\/sem<\/span>\r\n    <\/div>\r\n    <div class=\"total\">TOTAL DE HORAS ACAD\u00c9MICAS: 200<\/div>\r\n  <\/div>\r\n\r\n<\/body>\r\n<\/html>\r\n\t\t\t\t<\/div>\n\t\t\t\t<\/div>\n\t\t\t\t<\/div>\n\t\t\t\t<\/div>\n\t\t\t\t<\/div>\n\t\t<div class=\"elementor-element elementor-element-7d30be4c e-con-full e-flex e-con e-parent\" data-id=\"7d30be4c\" data-element_type=\"container\">\n\t\t<div class=\"elementor-element elementor-element-79b2d8cf e-con-full e-flex e-con e-child\" data-id=\"79b2d8cf\" data-element_type=\"container\" data-settings=\"{&quot;background_background&quot;:&quot;classic&quot;}\">\n\t\t\t\t<\/div>\n\t\t<div class=\"elementor-element elementor-element-7b3738b5 e-con-full e-flex e-con e-child\" data-id=\"7b3738b5\" data-element_type=\"container\" data-settings=\"{&quot;background_background&quot;:&quot;classic&quot;}\">\n\t\t\t\t<div class=\"elementor-element elementor-element-18dfe162 elementor-cta--layout-image-above elementor-cta--skin-classic elementor-animated-content elementor-bg-transform elementor-bg-transform-zoom-in elementor-widget elementor-widget-call-to-action\" data-id=\"18dfe162\" data-element_type=\"widget\" data-widget_type=\"call-to-action.default\">\n\t\t\t\t<div class=\"elementor-widget-container\">\n\t\t\t\t\t\t\t<div class=\"elementor-cta\">\n\t\t\t\t\t\t\t<div class=\"elementor-cta__content\">\n\t\t\t\t\n\t\t\t\t\t\t\t\t\t<h1 class=\"elementor-cta__title elementor-cta__content-item elementor-content-item\">\n\t\t\t\t\t\tFACULTAD DE INGENIER\u00cdA DE PRODUCCI\u00d3N Y SERVICIOS - UCPS FIPS\t\t\t\t\t<\/h1>\n\t\t\t\t\n\t\t\t\t\n\t\t\t\t\t\t\t<\/div>\n\t\t\t\t\t\t<\/div>\n\t\t\t\t\t\t<\/div>\n\t\t\t\t<\/div>\n\t\t\t\t<div class=\"elementor-element elementor-element-70713eaa elementor-widget elementor-widget-text-editor\" data-id=\"70713eaa\" data-element_type=\"widget\" data-widget_type=\"text-editor.default\">\n\t\t\t\t<div class=\"elementor-widget-container\">\n\t\t\t\t\t\t\t\t\t<p>Cont\u00e1ctanos<br \/>fips_ucps@unsa.edu.pe<\/p><p>+51 967746981<br \/>S\u00edguenos en:<\/p>\t\t\t\t\t\t\t\t<\/div>\n\t\t\t\t<\/div>\n\t\t\t\t<\/div>\n\t\t\t\t<\/div>\n\t\t<footer class=\"elementor-element elementor-element-2cd3d029 e-con-full e-flex e-con e-parent\" data-id=\"2cd3d029\" data-element_type=\"container\">\n\t\t<div class=\"elementor-element elementor-element-22eaca5f e-con-full e-flex e-con e-child\" data-id=\"22eaca5f\" data-element_type=\"container\" data-settings=\"{&quot;background_background&quot;:&quot;classic&quot;}\">\n\t\t\t\t<\/div>\n\t\t<div class=\"elementor-element elementor-element-363d332 e-con-full e-flex e-con e-child\" data-id=\"363d332\" data-element_type=\"container\" data-settings=\"{&quot;background_background&quot;:&quot;classic&quot;}\">\n\t\t\t\t<div class=\"elementor-element elementor-element-58ed619f elementor-widget elementor-widget-text-editor\" data-id=\"58ed619f\" data-element_type=\"widget\" data-widget_type=\"text-editor.default\">\n\t\t\t\t<div class=\"elementor-widget-container\">\n\t\t\t\t\t\t\t\t\t<p>Aviso de Privacidad<br \/>\u00a9 Copyright 2025 Universidad Nacional de San Agust\u00edn<br \/>Todos los derechos reservados Universidad Nacional de San Agust\u00edn | <em>Avenida Venezuela 427 A Arequipa, Departamento de Arequipa<\/em>\u00a0Tel\u00e9fono: (054) 286913\u00a0<\/p>\t\t\t\t\t\t\t\t<\/div>\n\t\t\t\t<\/div>\n\t\t\t\t<div class=\"elementor-element elementor-element-21f7e878 elementor-widget-divider--view-line elementor-widget elementor-widget-divider\" data-id=\"21f7e878\" data-element_type=\"widget\" data-widget_type=\"divider.default\">\n\t\t\t\t<div class=\"elementor-widget-container\">\n\t\t\t\t\t\t\t<div class=\"elementor-divider\">\n\t\t\t<span class=\"elementor-divider-separator\">\n\t\t\t\t\t\t<\/span>\n\t\t<\/div>\n\t\t\t\t\t\t<\/div>\n\t\t\t\t<\/div>\n\t\t\t\t<div class=\"elementor-element elementor-element-4992d726 elementor-widget elementor-widget-text-editor\" data-id=\"4992d726\" data-element_type=\"widget\" data-widget_type=\"text-editor.default\">\n\t\t\t\t<div class=\"elementor-widget-container\">\n\t\t\t\t\t\t\t\t\t2026  \u00a9 All Rights Reserved\t\t\t\t\t\t\t\t<\/div>\n\t\t\t\t<\/div>\n\t\t\t\t<\/div>\n\t\t\t\t<\/footer>\n\t\t\t\t<\/div>\n\t\t","protected":false},"excerpt":{"rendered":"<p>UNIDAD DE CAPACITACI\u00d3N PRODUCCI\u00d3N Y SERVICIOS PROGRAMA DE GESTI\u00d3N DE RECURSOS HUMANOS 09 Meses \/ 720 horas acad\u00e9micas ADMISI\u00d3N 2026 TUTORIAL DE MATR\u00cdCULA Descripci\u00f3n El programa de Recursos Humanos forma profesionales para gestionar el talento en organizaciones, alineando el crecimiento empresarial con el bienestar de los empleados. Los estudiantes adquieren conocimientos en reclutamiento, selecci\u00f3n, capacitaci\u00f3n, &hellip; <\/p>\n<p class=\"link-more\"><a href=\"https:\/\/www.unsa.edu.pe\/ucps\/ucps-gestion-de-recursos-humanos\/\" class=\"more-link\">Continuar leyendo<span class=\"screen-reader-text\"> \u00abUCPS &#8211; GESTI\u00d3N DE RECURSOS HUMANOS\u00bb<\/span><\/a><\/p>\n","protected":false},"author":1,"featured_media":0,"parent":0,"menu_order":0,"comment_status":"closed","ping_status":"closed","template":"elementor_canvas","meta":{"footnotes":""},"class_list":["post-1230","page","type-page","status-publish","hentry"],"_links":{"self":[{"href":"https:\/\/www.unsa.edu.pe\/ucps\/wp-json\/wp\/v2\/pages\/1230","targetHints":{"allow":["GET"]}}],"collection":[{"href":"https:\/\/www.unsa.edu.pe\/ucps\/wp-json\/wp\/v2\/pages"}],"about":[{"href":"https:\/\/www.unsa.edu.pe\/ucps\/wp-json\/wp\/v2\/types\/page"}],"author":[{"embeddable":true,"href":"https:\/\/www.unsa.edu.pe\/ucps\/wp-json\/wp\/v2\/users\/1"}],"replies":[{"embeddable":true,"href":"https:\/\/www.unsa.edu.pe\/ucps\/wp-json\/wp\/v2\/comments?post=1230"}],"version-history":[{"count":7,"href":"https:\/\/www.unsa.edu.pe\/ucps\/wp-json\/wp\/v2\/pages\/1230\/revisions"}],"predecessor-version":[{"id":1497,"href":"https:\/\/www.unsa.edu.pe\/ucps\/wp-json\/wp\/v2\/pages\/1230\/revisions\/1497"}],"wp:attachment":[{"href":"https:\/\/www.unsa.edu.pe\/ucps\/wp-json\/wp\/v2\/media?parent=1230"}],"curies":[{"name":"wp","href":"https:\/\/api.w.org\/{rel}","templated":true}]}}