{"id":1236,"date":"2025-05-28T02:45:30","date_gmt":"2025-05-28T00:45:30","guid":{"rendered":"https:\/\/www.unsa.edu.pe\/ucps\/?page_id=1236"},"modified":"2026-03-26T16:16:38","modified_gmt":"2026-03-26T15:16:38","slug":"ucps-gestion-publica","status":"publish","type":"page","link":"https:\/\/www.unsa.edu.pe\/ucps\/ucps-gestion-publica\/","title":{"rendered":"UCPS- GESTI\u00d3N P\u00daBLICA"},"content":{"rendered":"\t\t<div data-elementor-type=\"wp-page\" data-elementor-id=\"1236\" class=\"elementor elementor-1236\" data-elementor-post-type=\"page\">\n\t\t\t\t<div class=\"elementor-element elementor-element-23dee928 e-flex e-con-boxed e-con e-parent\" data-id=\"23dee928\" data-element_type=\"container\">\n\t\t\t\t\t<div class=\"e-con-inner\">\n\t\t<div class=\"elementor-element elementor-element-67d7700f e-con-full e-flex e-con e-child\" data-id=\"67d7700f\" data-element_type=\"container\">\n\t\t\t\t<div class=\"elementor-element elementor-element-54e98b14 elementor-view-default elementor-widget elementor-widget-icon\" data-id=\"54e98b14\" data-element_type=\"widget\" data-widget_type=\"icon.default\">\n\t\t\t\t<div class=\"elementor-widget-container\">\n\t\t\t\t\t\t\t<div class=\"elementor-icon-wrapper\">\n\t\t\t<a class=\"elementor-icon\" href=\"https:\/\/www.unsa.edu.pe\/ucps\/\" target=\"_blank\">\n\t\t\t<svg aria-hidden=\"true\" class=\"e-font-icon-svg e-fas-arrow-left\" viewBox=\"0 0 448 512\" xmlns=\"http:\/\/www.w3.org\/2000\/svg\"><path d=\"M257.5 445.1l-22.2 22.2c-9.4 9.4-24.6 9.4-33.9 0L7 273c-9.4-9.4-9.4-24.6 0-33.9L201.4 44.7c9.4-9.4 24.6-9.4 33.9 0l22.2 22.2c9.5 9.5 9.3 25-.4 34.3L136.6 216H424c13.3 0 24 10.7 24 24v32c0 13.3-10.7 24-24 24H136.6l120.5 114.8c9.8 9.3 10 24.8.4 34.3z\"><\/path><\/svg>\t\t\t<\/a>\n\t\t<\/div>\n\t\t\t\t\t\t<\/div>\n\t\t\t\t<\/div>\n\t\t\t\t<\/div>\n\t\t<div class=\"elementor-element elementor-element-3ac48a85 e-con-full e-flex e-con e-child\" data-id=\"3ac48a85\" data-element_type=\"container\">\n\t\t\t\t<div class=\"elementor-element elementor-element-6da1eb33 elementor-cta--layout-image-above elementor-cta--skin-classic elementor-animated-content elementor-bg-transform elementor-bg-transform-zoom-in elementor-widget elementor-widget-call-to-action\" data-id=\"6da1eb33\" data-element_type=\"widget\" data-widget_type=\"call-to-action.default\">\n\t\t\t\t<div class=\"elementor-widget-container\">\n\t\t\t\t\t\t\t<div class=\"elementor-cta\">\n\t\t\t\t\t\t\t<div class=\"elementor-cta__content\">\n\t\t\t\t\n\t\t\t\t\t\t\t\t\t<h1 class=\"elementor-cta__title elementor-cta__content-item elementor-content-item\">\n\t\t\t\t\t\tUNIDAD DE CAPACITACI\u00d3N PRODUCCI\u00d3N Y SERVICIOS\t\t\t\t\t<\/h1>\n\t\t\t\t\n\t\t\t\t\n\t\t\t\t\t\t\t<\/div>\n\t\t\t\t\t\t<\/div>\n\t\t\t\t\t\t<\/div>\n\t\t\t\t<\/div>\n\t\t\t\t<\/div>\n\t\t\t\t\t<\/div>\n\t\t\t\t<\/div>\n\t\t<div class=\"elementor-element elementor-element-684f97da e-flex e-con-boxed e-con e-parent\" data-id=\"684f97da\" data-element_type=\"container\">\n\t\t\t\t\t<div class=\"e-con-inner\">\n\t\t\t\t<div class=\"elementor-element elementor-element-2d6cf194 elementor-cta--layout-image-above elementor-cta--skin-classic elementor-animated-content elementor-bg-transform elementor-bg-transform-zoom-in elementor-widget elementor-widget-call-to-action\" data-id=\"2d6cf194\" data-element_type=\"widget\" data-widget_type=\"call-to-action.default\">\n\t\t\t\t<div class=\"elementor-widget-container\">\n\t\t\t\t\t\t\t<div class=\"elementor-cta\">\n\t\t\t\t\t\t\t<div class=\"elementor-cta__content\">\n\t\t\t\t\n\t\t\t\t\t\t\t\t\t<h1 class=\"elementor-cta__title elementor-cta__content-item elementor-content-item\">\n\t\t\t\t\t\tPROGRAMA DE\t\t\t\t\t<\/h1>\n\t\t\t\t\n\t\t\t\t\n\t\t\t\t\t\t\t<\/div>\n\t\t\t\t\t\t<\/div>\n\t\t\t\t\t\t<\/div>\n\t\t\t\t<\/div>\n\t\t\t\t<div class=\"elementor-element elementor-element-d76a989 elementor-cta--layout-image-above elementor-cta--skin-classic elementor-animated-content elementor-bg-transform elementor-bg-transform-zoom-in elementor-widget elementor-widget-call-to-action\" data-id=\"d76a989\" data-element_type=\"widget\" data-widget_type=\"call-to-action.default\">\n\t\t\t\t<div class=\"elementor-widget-container\">\n\t\t\t\t\t\t\t<div class=\"elementor-cta\">\n\t\t\t\t\t\t\t<div class=\"elementor-cta__content\">\n\t\t\t\t\n\t\t\t\t\t\t\t\t\t<h1 class=\"elementor-cta__title elementor-cta__content-item elementor-content-item\">\n\t\t\t\t\t\tGESTI\u00d3N P\u00daBLICA\t\t\t\t\t<\/h1>\n\t\t\t\t\n\t\t\t\t\n\t\t\t\t\t\t\t<\/div>\n\t\t\t\t\t\t<\/div>\n\t\t\t\t\t\t<\/div>\n\t\t\t\t<\/div>\n\t\t\t\t<div class=\"elementor-element elementor-element-1c2c4a1b elementor-widget elementor-widget-heading\" data-id=\"1c2c4a1b\" data-element_type=\"widget\" data-widget_type=\"heading.default\">\n\t\t\t\t<div class=\"elementor-widget-container\">\n\t\t\t\t\t<h2 class=\"elementor-heading-title elementor-size-default\">09 Meses \/ 720 horas acad\u00e9micas<\/h2>\t\t\t\t<\/div>\n\t\t\t\t<\/div>\n\t\t\t\t<div class=\"elementor-element elementor-element-a491d63 elementor-widget-divider--view-line elementor-widget elementor-widget-divider\" data-id=\"a491d63\" data-element_type=\"widget\" data-widget_type=\"divider.default\">\n\t\t\t\t<div class=\"elementor-widget-container\">\n\t\t\t\t\t\t\t<div class=\"elementor-divider\">\n\t\t\t<span class=\"elementor-divider-separator\">\n\t\t\t\t\t\t<\/span>\n\t\t<\/div>\n\t\t\t\t\t\t<\/div>\n\t\t\t\t<\/div>\n\t\t\t\t<div class=\"elementor-element elementor-element-28533452 elementor-align-center elementor-mobile-align-left animated-slow elementor-invisible elementor-widget elementor-widget-button\" data-id=\"28533452\" data-element_type=\"widget\" data-settings=\"{&quot;_animation&quot;:&quot;fadeInLeft&quot;}\" data-widget_type=\"button.default\">\n\t\t\t\t<div class=\"elementor-widget-container\">\n\t\t\t\t\t\t\t\t\t<div class=\"elementor-button-wrapper\">\n\t\t\t\t\t<a class=\"elementor-button elementor-button-link elementor-size-sm elementor-animation-grow\" href=\"https:\/\/erp.fips-ucps.unsa.edu.pe\" target=\"_blank\">\n\t\t\t\t\t\t<span class=\"elementor-button-content-wrapper\">\n\t\t\t\t\t\t\t\t\t<span class=\"elementor-button-text\">ADMISI\u00d3N 2026<\/span>\n\t\t\t\t\t<\/span>\n\t\t\t\t\t<\/a>\n\t\t\t\t<\/div>\n\t\t\t\t\t\t\t\t<\/div>\n\t\t\t\t<\/div>\n\t\t\t\t<div class=\"elementor-element elementor-element-2f99e87b elementor-align-center elementor-mobile-align-left animated-slow elementor-invisible elementor-widget elementor-widget-button\" data-id=\"2f99e87b\" data-element_type=\"widget\" data-settings=\"{&quot;_animation&quot;:&quot;fadeInLeft&quot;}\" data-widget_type=\"button.default\">\n\t\t\t\t<div class=\"elementor-widget-container\">\n\t\t\t\t\t\t\t\t\t<div class=\"elementor-button-wrapper\">\n\t\t\t\t\t<a class=\"elementor-button elementor-button-link elementor-size-sm elementor-animation-grow\" href=\"https:\/\/www.youtube.com\/watch?v=grTPS-VXAhw\" target=\"_blank\">\n\t\t\t\t\t\t<span class=\"elementor-button-content-wrapper\">\n\t\t\t\t\t\t\t\t\t<span class=\"elementor-button-text\">TUTORIAL DE MATR\u00cdCULA<\/span>\n\t\t\t\t\t<\/span>\n\t\t\t\t\t<\/a>\n\t\t\t\t<\/div>\n\t\t\t\t\t\t\t\t<\/div>\n\t\t\t\t<\/div>\n\t\t\t\t\t<\/div>\n\t\t\t\t<\/div>\n\t\t<div class=\"elementor-element elementor-element-715a9fd8 e-con-full e-flex e-con e-parent\" data-id=\"715a9fd8\" data-element_type=\"container\" data-settings=\"{&quot;background_background&quot;:&quot;classic&quot;}\">\n\t\t<div class=\"elementor-element elementor-element-4da14191 e-con-full e-flex e-con e-child\" data-id=\"4da14191\" data-element_type=\"container\" data-settings=\"{&quot;background_background&quot;:&quot;classic&quot;}\">\n\t\t\t\t<div class=\"elementor-element elementor-element-67ba85fc elementor-widget elementor-widget-heading\" data-id=\"67ba85fc\" data-element_type=\"widget\" data-widget_type=\"heading.default\">\n\t\t\t\t<div class=\"elementor-widget-container\">\n\t\t\t\t\t<h2 class=\"elementor-heading-title elementor-size-default\">Descripci\u00f3n<\/h2>\t\t\t\t<\/div>\n\t\t\t\t<\/div>\n\t\t\t\t<div class=\"elementor-element elementor-element-3c446146 elementor-cta--skin-classic elementor-animated-content elementor-bg-transform elementor-bg-transform-zoom-in elementor-widget elementor-widget-call-to-action\" data-id=\"3c446146\" data-element_type=\"widget\" data-widget_type=\"call-to-action.default\">\n\t\t\t\t<div class=\"elementor-widget-container\">\n\t\t\t\t\t\t\t<div class=\"elementor-cta\">\n\t\t\t\t\t\t\t<div class=\"elementor-cta__content\">\n\t\t\t\t\n\t\t\t\t\n\t\t\t\t\t\t\t\t\t<div class=\"elementor-cta__description elementor-cta__content-item elementor-content-item\">\n\t\t\t\t\t\tEl programa de Gesti\u00f3n P\u00fablica forma profesionales en la administraci\u00f3n de\norganizaciones p\u00fablicas, combinando una s\u00f3lida formaci\u00f3n te\u00f3rica y pr\u00e1ctica. Su plan de\nestudios incluye econom\u00eda del sector p\u00fablico, derecho administrativo, gesti\u00f3n financiera\ny desarrollo sostenible, con \u00e9nfasis en la evaluaci\u00f3n de pol\u00edticas p\u00fablicas. La \u00e9tica y la\ntransparencia son pilares clave del programa. Los egresados estar\u00e1n preparados para\nasumir roles de liderazgo en instituciones gubernamentales, organismos internacionales\ny consultor\u00edas, contribuyendo al dise\u00f1o e implementaci\u00f3n de pol\u00edticas p\u00fablicas con\nimpacto positivo en la sociedad.\n\t\t\t\t\t<\/div>\n\t\t\t\t\n\t\t\t\t\t\t\t<\/div>\n\t\t\t\t\t\t<\/div>\n\t\t\t\t\t\t<\/div>\n\t\t\t\t<\/div>\n\t\t\t\t<div class=\"elementor-element elementor-element-1dfc7e57 elementor-widget elementor-widget-heading\" data-id=\"1dfc7e57\" data-element_type=\"widget\" data-widget_type=\"heading.default\">\n\t\t\t\t<div class=\"elementor-widget-container\">\n\t\t\t\t\t<h2 class=\"elementor-heading-title elementor-size-default\">Requisitos<\/h2>\t\t\t\t<\/div>\n\t\t\t\t<\/div>\n\t\t\t\t<div class=\"elementor-element elementor-element-1ff20b57 elementor-widget__width-initial elementor-widget elementor-widget-text-editor\" data-id=\"1ff20b57\" data-element_type=\"widget\" data-widget_type=\"text-editor.default\">\n\t\t\t\t<div class=\"elementor-widget-container\">\n\t\t\t\t\t\t\t\t\t<p><strong>LUN A VIE<\/strong>: 19:00 a 22:00 hrs<\/p>\t\t\t\t\t\t\t\t<\/div>\n\t\t\t\t<\/div>\n\t\t\t\t<div class=\"elementor-element elementor-element-3d401f03 elementor-widget elementor-widget-heading\" data-id=\"3d401f03\" data-element_type=\"widget\" data-widget_type=\"heading.default\">\n\t\t\t\t<div class=\"elementor-widget-container\">\n\t\t\t\t\t<h2 class=\"elementor-heading-title elementor-size-default\">Inversi\u00f3n<\/h2>\t\t\t\t<\/div>\n\t\t\t\t<\/div>\n\t\t\t\t<div class=\"elementor-element elementor-element-663bc252 elementor-widget elementor-widget-text-editor\" data-id=\"663bc252\" data-element_type=\"widget\" data-widget_type=\"text-editor.default\">\n\t\t\t\t<div class=\"elementor-widget-container\">\n\t\t\t\t\t\t\t\t\t<p><strong><span style=\"vertical-align: inherit;\"><span style=\"vertical-align: inherit;\"><span style=\"vertical-align: inherit;\"><span style=\"vertical-align: inherit;\">Matr\u00edcula<\/span><\/span><\/span><\/span><\/strong><span style=\"vertical-align: inherit;\"><span style=\"vertical-align: inherit;\"><span style=\"vertical-align: inherit;\"><span style=\"vertical-align: inherit;\">:\u00a0 S\/. 120<\/span><\/span><\/span><\/span><br \/><strong><span style=\"vertical-align: inherit;\"><span style=\"vertical-align: inherit;\"><span style=\"vertical-align: inherit;\"><span style=\"vertical-align: inherit;\">Pensi\u00f3n<\/span><\/span><\/span><\/span><\/strong><span style=\"vertical-align: inherit;\"><span style=\"vertical-align: inherit;\"><span style=\"vertical-align: inherit;\"><span style=\"vertical-align: inherit;\">:\u00a0 \u00a0 \u00a0S\/. 200<\/span><\/span><\/span><\/span><\/p>\t\t\t\t\t\t\t\t<\/div>\n\t\t\t\t<\/div>\n\t\t\t\t<\/div>\n\t\t<div class=\"elementor-element elementor-element-2fa9c8b9 e-con-full e-flex e-con e-child\" data-id=\"2fa9c8b9\" data-element_type=\"container\">\n\t\t<div class=\"elementor-element elementor-element-729366c e-con-full animated-slow e-flex elementor-invisible e-con e-child\" data-id=\"729366c\" data-element_type=\"container\" data-settings=\"{&quot;background_background&quot;:&quot;classic&quot;,&quot;animation&quot;:&quot;swing&quot;}\">\n\t\t\t\t<div class=\"elementor-element elementor-element-31a93b61 elementor-widget elementor-widget-heading\" data-id=\"31a93b61\" data-element_type=\"widget\" data-widget_type=\"heading.default\">\n\t\t\t\t<div class=\"elementor-widget-container\">\n\t\t\t\t\t<h2 class=\"elementor-heading-title elementor-size-default\">Malla Curricular y Certificaci\u00f3n<\/h2>\t\t\t\t<\/div>\n\t\t\t\t<\/div>\n\t\t\t\t<div class=\"elementor-element elementor-element-3a79d9b elementor-widget elementor-widget-html\" data-id=\"3a79d9b\" data-element_type=\"widget\" data-widget_type=\"html.default\">\n\t\t\t\t<div class=\"elementor-widget-container\">\n\t\t\t\t\t<!DOCTYPE html>\r\n<html lang=\"es\">\r\n<head>\r\n  <meta charset=\"UTF-8\" \/>\r\n  <meta name=\"viewport\" content=\"width=device-width, initial-scale=1.0\"\/>\r\n  <title>M\u00f3dulos Gesti\u00f3n P\u00fablica<\/title>\r\n  <link href=\"https:\/\/unpkg.com\/phosphor-icons@1.4.2\/src\/css\/phosphor.css\" rel=\"stylesheet\">\r\n  <style>\r\n    * {\r\n      box-sizing: border-box;\r\n      margin: 0;\r\n      padding: 0;\r\n      font-family: 'Arial', sans-serif;\r\n    }\r\n\r\n    body {\r\n      background: #f0f4f8;\r\n      padding: 1rem;\r\n    }\r\n\r\n    .module {\r\n      background: white;\r\n      border-radius: 12px;\r\n      box-shadow: 0 2px 6px rgba(0,0,0,0.1);\r\n      padding: 1.5rem;\r\n      margin-bottom: 1.5rem;\r\n    }\r\n\r\n    .module h2 {\r\n      display: flex;\r\n      align-items: center;\r\n      font-size: 1.2rem;\r\n      color: #1e3a2f;\r\n      margin-bottom: 1rem;\r\n    }\r\n\r\n    .module h2 i {\r\n      margin-right: 0.5rem;\r\n      color: #0f766e;\r\n    }\r\n\r\n    ul {\r\n      list-style: none;\r\n      margin-bottom: 1rem;\r\n    }\r\n\r\n    ul li {\r\n      margin-bottom: 0.5rem;\r\n      padding-left: 1.2rem;\r\n      position: relative;\r\n      color: #334155;\r\n    }\r\n\r\n    ul li::before {\r\n      content: \"\u2022\";\r\n      position: absolute;\r\n      left: 0;\r\n      color: #0d9488;\r\n      font-weight: bold;\r\n    }\r\n\r\n    .hours {\r\n      font-weight: bold;\r\n      font-size: 0.9rem;\r\n      color: #0f172a;\r\n      display: flex;\r\n      gap: 1rem;\r\n      flex-wrap: wrap;\r\n      margin-bottom: 0.5rem;\r\n    }\r\n\r\n    .total {\r\n      font-size: 0.9rem;\r\n      font-weight: bold;\r\n      color: #15803d;\r\n    }\r\n\r\n    @media (min-width: 600px) {\r\n      .module {\r\n        max-width: 500px;\r\n        margin: 1rem auto;\r\n      }\r\n    }\r\n  <\/style>\r\n<\/head>\r\n<body>\r\n\r\n  <div class=\"module\">\r\n    <h2><i class=\"ph ph-buildings\"><\/i> M\u00d3DULO I - FUNDAMENTOS DE LA GESTI\u00d3N P\u00daBLICA<\/h2>\r\n    <ul>\r\n      <li>Introducci\u00f3n a la Gesti\u00f3n P\u00fablica<\/li>\r\n      <li>Marco jur\u00eddico e institucional<\/li>\r\n      <li>Pol\u00edticas P\u00fablicas<\/li>\r\n      <li>Econom\u00eda para la Gesti\u00f3n P\u00fablica<\/li>\r\n    <\/ul>\r\n    <div class=\"hours\">\r\n      <span>04 hrs\/sem<\/span>\r\n      <span>04 hrs\/sem<\/span>\r\n      <span>06 hrs\/sem<\/span>\r\n      <span>06 hrs\/sem<\/span>\r\n    <\/div>\r\n    <div class=\"total\">TOTAL DE HORAS ACAD\u00c9MICAS: 160<\/div>\r\n  <\/div>\r\n\r\n  <div class=\"module\">\r\n    <h2><i class=\"ph ph-gear-fine\"><\/i> M\u00d3DULO II - HERRAMIENTAS DE GESTI\u00d3N Y ADMINISTRACI\u00d3N<\/h2>\r\n    <ul>\r\n      <li>Planeaci\u00f3n Estrat\u00e9gica en el Sector P\u00fablico<\/li>\r\n      <li>Gesti\u00f3n Financiera y Presupuestaria<\/li>\r\n      <li>Gesti\u00f3n del Talento Humano en el Sector P\u00fablico<\/li>\r\n      <li>Innovaci\u00f3n y Tecnolog\u00eda en la Gesti\u00f3n P\u00fablica<\/li>\r\n    <\/ul>\r\n    <div class=\"hours\">\r\n      <span>06 hrs\/sem<\/span>\r\n      <span>04 hrs\/sem<\/span>\r\n      <span>04 hrs\/sem<\/span>\r\n      <span>06 hrs\/sem<\/span>\r\n    <\/div>\r\n    <div class=\"total\">TOTAL DE HORAS ACAD\u00c9MICAS: 160<\/div>\r\n  <\/div>\r\n\r\n  <div class=\"module\">\r\n    <h2><i class=\"ph ph-eye\"><\/i> M\u00d3DULO III - GOBERNANZA Y TRANSPARENCIA<\/h2>\r\n    <ul>\r\n      <li>Gobernanza y Participaci\u00f3n Ciudadana<\/li>\r\n      <li>Transparencia y Rendici\u00f3n de Cuentas<\/li>\r\n      <li>\u00c9tica en la Gesti\u00f3n P\u00fablica<\/li>\r\n      <li>Control y Auditor\u00eda del Sector P\u00fablico<\/li>\r\n    <\/ul>\r\n    <div class=\"hours\">\r\n      <span>04 hrs\/sem<\/span>\r\n      <span>06 hrs\/sem<\/span>\r\n      <span>06 hrs\/sem<\/span>\r\n      <span>04 hrs\/sem<\/span>\r\n    <\/div>\r\n    <div class=\"total\">TOTAL DE HORAS ACAD\u00c9MICAS: 200<\/div>\r\n  <\/div>\r\n\r\n  <div class=\"module\">\r\n    <h2><i class=\"ph ph-globe-hemisphere-west\"><\/i> M\u00d3DULO IV - POL\u00cdTICAS P\u00daBLICAS Y DESARROLLO SOSTENIBLE<\/h2>\r\n    <ul>\r\n      <li>Pol\u00edticas P\u00fablicas para el Desarrollo Sostenible<\/li>\r\n      <li>Gesti\u00f3n de Proyectos P\u00fablicos<\/li>\r\n      <li>Pol\u00edticas Sociales y Bienestar<\/li>\r\n      <li>Descentralizaci\u00f3n y Desarrollo Territorial<\/li>\r\n    <\/ul>\r\n    <div class=\"hours\">\r\n      <span>06 hrs\/sem<\/span>\r\n      <span>06 hrs\/sem<\/span>\r\n      <span>04 hrs\/sem<\/span>\r\n      <span>04 hrs\/sem<\/span>\r\n    <\/div>\r\n    <div class=\"total\">TOTAL DE HORAS ACAD\u00c9MICAS: 200<\/div>\r\n  <\/div>\r\n\r\n<\/body>\r\n<\/html>\r\n\t\t\t\t<\/div>\n\t\t\t\t<\/div>\n\t\t\t\t<\/div>\n\t\t\t\t<\/div>\n\t\t\t\t<\/div>\n\t\t<div class=\"elementor-element elementor-element-753a3934 e-con-full e-flex e-con e-parent\" data-id=\"753a3934\" data-element_type=\"container\">\n\t\t<div class=\"elementor-element elementor-element-d0c9735 e-con-full e-flex e-con e-child\" data-id=\"d0c9735\" data-element_type=\"container\" data-settings=\"{&quot;background_background&quot;:&quot;classic&quot;}\">\n\t\t\t\t<\/div>\n\t\t<div class=\"elementor-element elementor-element-21aa9674 e-con-full e-flex e-con e-child\" data-id=\"21aa9674\" data-element_type=\"container\" data-settings=\"{&quot;background_background&quot;:&quot;classic&quot;}\">\n\t\t\t\t<div class=\"elementor-element elementor-element-9d1c5b0 elementor-cta--layout-image-above elementor-cta--skin-classic elementor-animated-content elementor-bg-transform elementor-bg-transform-zoom-in elementor-widget elementor-widget-call-to-action\" data-id=\"9d1c5b0\" data-element_type=\"widget\" data-widget_type=\"call-to-action.default\">\n\t\t\t\t<div class=\"elementor-widget-container\">\n\t\t\t\t\t\t\t<div class=\"elementor-cta\">\n\t\t\t\t\t\t\t<div class=\"elementor-cta__content\">\n\t\t\t\t\n\t\t\t\t\t\t\t\t\t<h1 class=\"elementor-cta__title elementor-cta__content-item elementor-content-item\">\n\t\t\t\t\t\tFACULTAD DE INGENIER\u00cdA DE PRODUCCI\u00d3N Y SERVICIOS - UCPS FIPS\t\t\t\t\t<\/h1>\n\t\t\t\t\n\t\t\t\t\n\t\t\t\t\t\t\t<\/div>\n\t\t\t\t\t\t<\/div>\n\t\t\t\t\t\t<\/div>\n\t\t\t\t<\/div>\n\t\t\t\t<div class=\"elementor-element elementor-element-2991444f elementor-widget elementor-widget-text-editor\" data-id=\"2991444f\" data-element_type=\"widget\" data-widget_type=\"text-editor.default\">\n\t\t\t\t<div class=\"elementor-widget-container\">\n\t\t\t\t\t\t\t\t\t<p>Cont\u00e1ctanos<br \/>fips_ucps@unsa.edu.pe<\/p><p>+51 967746981<br \/>S\u00edguenos en:<\/p>\t\t\t\t\t\t\t\t<\/div>\n\t\t\t\t<\/div>\n\t\t\t\t<\/div>\n\t\t\t\t<\/div>\n\t\t<footer class=\"elementor-element elementor-element-30a4c8ed e-con-full e-flex e-con e-parent\" data-id=\"30a4c8ed\" data-element_type=\"container\">\n\t\t<div class=\"elementor-element elementor-element-4d631065 e-con-full e-flex e-con e-child\" data-id=\"4d631065\" data-element_type=\"container\" data-settings=\"{&quot;background_background&quot;:&quot;classic&quot;}\">\n\t\t\t\t<\/div>\n\t\t<div class=\"elementor-element elementor-element-6865f974 e-con-full e-flex e-con e-child\" data-id=\"6865f974\" data-element_type=\"container\" data-settings=\"{&quot;background_background&quot;:&quot;classic&quot;}\">\n\t\t\t\t<div class=\"elementor-element elementor-element-6e477be9 elementor-widget elementor-widget-text-editor\" data-id=\"6e477be9\" data-element_type=\"widget\" data-widget_type=\"text-editor.default\">\n\t\t\t\t<div class=\"elementor-widget-container\">\n\t\t\t\t\t\t\t\t\t<p>Aviso de Privacidad<br \/>\u00a9 Copyright 2025 Universidad Nacional de San Agust\u00edn<br \/>Todos los derechos reservados Universidad Nacional de San Agust\u00edn | <em>Avenida Venezuela 427 A Arequipa, Departamento de Arequipa<\/em>\u00a0Tel\u00e9fono: (054) 286913\u00a0<\/p>\t\t\t\t\t\t\t\t<\/div>\n\t\t\t\t<\/div>\n\t\t\t\t<div class=\"elementor-element elementor-element-592cbf0d elementor-widget-divider--view-line elementor-widget elementor-widget-divider\" data-id=\"592cbf0d\" data-element_type=\"widget\" data-widget_type=\"divider.default\">\n\t\t\t\t<div class=\"elementor-widget-container\">\n\t\t\t\t\t\t\t<div class=\"elementor-divider\">\n\t\t\t<span class=\"elementor-divider-separator\">\n\t\t\t\t\t\t<\/span>\n\t\t<\/div>\n\t\t\t\t\t\t<\/div>\n\t\t\t\t<\/div>\n\t\t\t\t<div class=\"elementor-element elementor-element-64df07e8 elementor-widget elementor-widget-text-editor\" data-id=\"64df07e8\" data-element_type=\"widget\" data-widget_type=\"text-editor.default\">\n\t\t\t\t<div class=\"elementor-widget-container\">\n\t\t\t\t\t\t\t\t\t2026  \u00a9 All Rights Reserved\t\t\t\t\t\t\t\t<\/div>\n\t\t\t\t<\/div>\n\t\t\t\t<\/div>\n\t\t\t\t<\/footer>\n\t\t\t\t<\/div>\n\t\t","protected":false},"excerpt":{"rendered":"<p>UNIDAD DE CAPACITACI\u00d3N PRODUCCI\u00d3N Y SERVICIOS PROGRAMA DE GESTI\u00d3N P\u00daBLICA 09 Meses \/ 720 horas acad\u00e9micas ADMISI\u00d3N 2026 TUTORIAL DE MATR\u00cdCULA Descripci\u00f3n El programa de Gesti\u00f3n P\u00fablica forma profesionales en la administraci\u00f3n de organizaciones p\u00fablicas, combinando una s\u00f3lida formaci\u00f3n te\u00f3rica y pr\u00e1ctica. Su plan de estudios incluye econom\u00eda del sector p\u00fablico, derecho administrativo, gesti\u00f3n financiera &hellip; <\/p>\n<p class=\"link-more\"><a href=\"https:\/\/www.unsa.edu.pe\/ucps\/ucps-gestion-publica\/\" class=\"more-link\">Continuar leyendo<span class=\"screen-reader-text\"> \u00abUCPS- GESTI\u00d3N P\u00daBLICA\u00bb<\/span><\/a><\/p>\n","protected":false},"author":1,"featured_media":0,"parent":0,"menu_order":0,"comment_status":"closed","ping_status":"closed","template":"elementor_canvas","meta":{"footnotes":""},"class_list":["post-1236","page","type-page","status-publish","hentry"],"_links":{"self":[{"href":"https:\/\/www.unsa.edu.pe\/ucps\/wp-json\/wp\/v2\/pages\/1236","targetHints":{"allow":["GET"]}}],"collection":[{"href":"https:\/\/www.unsa.edu.pe\/ucps\/wp-json\/wp\/v2\/pages"}],"about":[{"href":"https:\/\/www.unsa.edu.pe\/ucps\/wp-json\/wp\/v2\/types\/page"}],"author":[{"embeddable":true,"href":"https:\/\/www.unsa.edu.pe\/ucps\/wp-json\/wp\/v2\/users\/1"}],"replies":[{"embeddable":true,"href":"https:\/\/www.unsa.edu.pe\/ucps\/wp-json\/wp\/v2\/comments?post=1236"}],"version-history":[{"count":7,"href":"https:\/\/www.unsa.edu.pe\/ucps\/wp-json\/wp\/v2\/pages\/1236\/revisions"}],"predecessor-version":[{"id":1503,"href":"https:\/\/www.unsa.edu.pe\/ucps\/wp-json\/wp\/v2\/pages\/1236\/revisions\/1503"}],"wp:attachment":[{"href":"https:\/\/www.unsa.edu.pe\/ucps\/wp-json\/wp\/v2\/media?parent=1236"}],"curies":[{"name":"wp","href":"https:\/\/api.w.org\/{rel}","templated":true}]}}